{"id":913,"date":"2025-05-12T17:17:55","date_gmt":"2025-05-12T17:17:55","guid":{"rendered":"https:\/\/guillermoinduni.com\/ingles\/?post_type=product&#038;p=913"},"modified":"2026-05-07T15:08:31","modified_gmt":"2026-05-07T15:08:31","slug":"hot-sale-combo-full","status":"publish","type":"product","link":"https:\/\/guillermoinduni.com\/ingles\/producto\/hot-sale-combo-full\/","title":{"rendered":"PROMO 4 X 2"},"content":{"rendered":"<p><i><b><strong class=\"selectable-text copyable-text false x117nqv4 x1k4tb9n\">Cursos de Actividad F\u00edsica y Discapacidad<\/strong><\/b><\/i><span class=\"selectable-text copyable-text false xdakrdy\">*<\/span><span class=\"selectable-text copyable-text false xdakrdy\">_<\/span><\/p>\n<p><span class=\"selectable-text copyable-text false\">Estas ante una gran oportunidad de acceder a nuestra Membres\u00eda<\/span> <strong>de *4 m<span class=\"selectable-text copyable-text false xdakrdy\">e<\/span><span class=\"selectable-text copyable-text false\">s<\/span><span class=\"selectable-text copyable-text false xdakrdy\">e<\/span><i><em class=\"selectable-text copyable-text false x1k4tb9n\">s* _100% asincro<\/em><\/i><span class=\"selectable-text copyable-text false xdakrdy\">n<\/span><span class=\"selectable-text copyable-text false\">ico_ para nuestros cursos especializados<\/span> en *Actividad F\u00edsica y Discapac<span class=\"selectable-text copyable-text false xdakrdy\">i<\/span><span class=\"selectable-text copyable-text false\">dad* <\/span><\/strong><\/p>\n<p><span class=\"selectable-text copyable-text false\">Este combo te permitir\u00e1 realizar los cuatro cursos completos que forman parte de nuestra formaci\u00f3n, dise\u00f1ada para brindarte herramientas pr\u00e1cticas y te\u00f3ricas para trabajar con personas con diferentes tipos de discapacidad de manera efectiva, segura y respetuosa. <\/span><\/p>\n<p><span class=\"selectable-text copyable-text false\">Los cursos incluidos en la membres\u00eda <\/span><strong><span class=\"selectable-text copyable-text false xdakrdy\">s<\/span>on: <\/strong><\/p>\n<p><strong><span class=\"x19la9d6 x1fc57z9 x6ikm8r x10wlt62 x19co3pv x1g5zs5t xfibh0p xiy17q3 x1xsqp64 x1lkfr7t xexx8yu x4uap5 x18d9i69 xkhd6sd\"><span class=\"xrtxmta x1bhl96m\">&#x1f4cc;<\/span><\/span> *Autismo y Activi<span class=\"selectable-text copyable-text false xdakrdy\">d<\/span><span class=\"selectable-text copyable-text false\">ad <\/span><span class=\"selectable-text copyable-text false xdakrdy\">F<\/span>\u00edsica* <\/strong><\/p>\n<p><strong><span class=\"x19la9d6 x1fc57z9 x6ikm8r x10wlt62 x19co3pv x1g5zs5t xfibh0p xiy17q3 x1xsqp64 x1lkfr7t xexx8yu x4uap5 x18d9i69 xkhd6sd\"><span class=\"xrtxmta x1bhl96m\">&#x1f4cc;<\/span><\/span> *Discapacidad Visual y Acti<span class=\"selectable-text copyable-text false xdakrdy\">v<\/span><span class=\"selectable-text copyable-text false\">ida<\/span><span class=\"selectable-text copyable-text false xdakrdy\">d<\/span> F\u00edsica* <\/strong><\/p>\n<p><strong><span class=\"x19la9d6 x1fc57z9 x6ikm8r x10wlt62 x19co3pv x1g5zs5t xfibh0p xiy17q3 x1xsqp64 x1lkfr7t xexx8yu x4uap5 x18d9i69 xkhd6sd\"><span class=\"xrtxmta x1bhl96m\">&#x1f4cc;<\/span><\/span> *Discapacidad Motora y Ac<span class=\"selectable-text copyable-text false xdakrdy\">t<\/span><span class=\"selectable-text copyable-text false\">ivi<\/span><span class=\"selectable-text copyable-text false xdakrdy\">d<\/span>ad F\u00edsica* <\/strong><\/p>\n<p><strong><span class=\"x19la9d6 x1fc57z9 x6ikm8r x10wlt62 x19co3pv x1g5zs5t xfibh0p xiy17q3 x1xsqp64 x1lkfr7t xexx8yu x4uap5 x18d9i69 xkhd6sd\"><span class=\"xrtxmta x1bhl96m\">&#x1f4cc;<\/span><\/span> *S\u00edndrome de Down y <span class=\"selectable-text copyable-text false xdakrdy\">A<\/span><span class=\"selectable-text copyable-text false\">ctividad F\u00edsica* <\/span><\/strong><\/p>\n<p><span class=\"selectable-text copyable-text false\">Cada uno de ellos aborda de manera detallada las adaptaciones y enfoques espec\u00edficos necesarios para trabajar con personas con estas condiciones, promoviendo su inclusi\u00f3n y mejorando su calidad de vida a trav\u00e9s del ejercicio f\u00edsico y del movimiento, la iniciaci\u00f3n deportiva, etc. <\/span><\/p>\n<p><span class=\"selectable-text copyable-text false\">Adem\u00e1s: <\/span><span class=\"x19la9d6 x1fc57z9 x6ikm8r x10wlt62 x19co3pv x1g5zs5t xfibh0p xiy17q3 x1xsqp64 x1lkfr7t xexx8yu x4uap5 x18d9i69 xkhd6sd\"><span class=\"xrtxmta x1bhl96m\">&#x1f4da;<\/span><\/span><span class=\"selectable-text copyable-text false\"> Recibir\u00e1s material en PDF con la bibliograf\u00eda y recursos complementarios para profundizar en los contenidos de cada m\u00f3dulo. <\/span><\/p>\n<p><span class=\"x19la9d6 x1fc57z9 x6ikm8r x10wlt62 x19co3pv x1g5zs5t xfibh0p xiy17q3 x1xsqp64 x1lkfr7t xexx8yu x4uap5 x18d9i69 xkhd6sd\"><span class=\"xrtxmta x1bhl96m\">&#x1f5c2;&#xfe0f;<\/span><\/span><span class=\"selectable-text copyable-text false\">3 Fichas de Actividades Base para que puedas tener como arrancar ! <\/span><\/p>\n<p><span class=\"x19la9d6 x1fc57z9 x6ikm8r x10wlt62 x19co3pv x1g5zs5t xfibh0p xiy17q3 x1xsqp64 x1lkfr7t xexx8yu x4uap5 x18d9i69 xkhd6sd\"><span class=\"xrtxmta x1bhl96m\">&#x1f5e3;&#xfe0f;<\/span><\/span><span class=\"selectable-text copyable-text false\">Durante los 4 meses de membres\u00eda, tendr\u00e1s acceso completo a los cursos, al material did\u00e1ctico y a mi asesor\u00eda ilimitada para resolver cualquier duda o consulta que surja a lo largo del proceso de aprendizaje. <\/span><\/p>\n<p><span class=\"x19la9d6 x1fc57z9 x6ikm8r x10wlt62 x19co3pv x1g5zs5t xfibh0p xiy17q3 x1xsqp64 x1lkfr7t xexx8yu x4uap5 x18d9i69 xkhd6sd\"><span class=\"xrtxmta x1bhl96m\">&#x1f468;&#x200d;&#x1f393;<\/span><\/span><span class=\"x19la9d6 x1fc57z9 x6ikm8r x10wlt62 x19co3pv x1g5zs5t xfibh0p xiy17q3 x1xsqp64 x1lkfr7t xexx8yu x4uap5 x18d9i69 xkhd6sd\"><span class=\"xrtxmta x1bhl96m\">&#x1f4dc;<\/span><\/span><span class=\"selectable-text copyable-text false\"> La posibilidad de obtener los 4 Certificados !!!!!! Imprimibles y Digitales. <\/span><\/p>\n<p><span class=\"selectable-text copyable-text false\">Si est\u00e1s interesado\/a agrega a tu carrito y realiza el pago para aprovechar este descuento increible !!\u00a0<\/span><\/p>\n","protected":false},"excerpt":{"rendered":"<p>Cursos de Actividad F\u00edsica y Discapacidad*_ Estas ante una gran oportunidad de acceder a nuestra Membres\u00eda de *4 meses* _100% asincronico_ para nuestros cursos especializados en *Actividad F\u00edsica y Discapacidad* Este combo te permitir\u00e1 realizar los cuatro cursos completos que forman parte de nuestra formaci\u00f3n, dise\u00f1ada para brindarte herramientas pr\u00e1cticas y te\u00f3ricas para trabajar con [&hellip;]<\/p>\n","protected":false},"featured_media":1038,"template":"","meta":[],"product_brand":[],"product_cat":[15],"product_tag":[],"class_list":{"0":"post-913","1":"product","2":"type-product","3":"status-publish","4":"has-post-thumbnail","6":"product_cat-cursos","8":"first","9":"instock","10":"sale","11":"shipping-taxable","12":"purchasable","13":"product-type-simple"},"yoast_head":"<!-- This site is optimized with the Yoast SEO plugin v27.5 - https:\/\/yoast.com\/product\/yoast-seo-wordpress\/ -->\n<title>PROMO 4 X 2 - Guillermo Induni<\/title>\n<meta name=\"robots\" content=\"index, follow, max-snippet:-1, max-image-preview:large, max-video-preview:-1\" \/>\n<link rel=\"canonical\" href=\"https:\/\/guillermoinduni.com\/ingles\/producto\/hot-sale-combo-full\/\" \/>\n<meta property=\"og:locale\" content=\"es_ES\" \/>\n<meta property=\"og:type\" content=\"article\" \/>\n<meta property=\"og:title\" content=\"PROMO 4 X 2 - Guillermo Induni\" \/>\n<meta property=\"og:description\" content=\"Cursos de Actividad F\u00edsica y Discapacidad*_ Estas ante una gran oportunidad de acceder a nuestra Membres\u00eda de *4 meses* _100% asincronico_ para nuestros cursos especializados en *Actividad F\u00edsica y Discapacidad* Este combo te permitir\u00e1 realizar los cuatro cursos completos que forman parte de nuestra formaci\u00f3n, dise\u00f1ada para brindarte herramientas pr\u00e1cticas y te\u00f3ricas para trabajar con [&hellip;]\" \/>\n<meta property=\"og:url\" content=\"https:\/\/guillermoinduni.com\/ingles\/producto\/hot-sale-combo-full\/\" \/>\n<meta property=\"og:site_name\" content=\"Guillermo Induni\" \/>\n<meta property=\"article:modified_time\" content=\"2026-05-07T15:08:31+00:00\" \/>\n<meta property=\"og:image\" content=\"http:\/\/guillermoinduni.com\/ingles\/wp-content\/uploads\/2025\/05\/WhatsApp-Image-2026-05-06-at-23.22.58.jpeg\" \/>\n\t<meta property=\"og:image:width\" content=\"900\" \/>\n\t<meta property=\"og:image:height\" content=\"1600\" \/>\n\t<meta property=\"og:image:type\" content=\"image\/jpeg\" \/>\n<meta name=\"twitter:card\" content=\"summary_large_image\" \/>\n<meta name=\"twitter:label1\" content=\"Tiempo de lectura\" \/>\n\t<meta name=\"twitter:data1\" content=\"2 minutos\" \/>\n<script type=\"application\/ld+json\" class=\"yoast-schema-graph\">{\"@context\":\"https:\\\/\\\/schema.org\",\"@graph\":[{\"@type\":\"WebPage\",\"@id\":\"https:\\\/\\\/guillermoinduni.com\\\/ingles\\\/producto\\\/hot-sale-combo-full\\\/\",\"url\":\"https:\\\/\\\/guillermoinduni.com\\\/ingles\\\/producto\\\/hot-sale-combo-full\\\/\",\"name\":\"PROMO 4 X 2 - Guillermo Induni\",\"isPartOf\":{\"@id\":\"https:\\\/\\\/guillermoinduni.com\\\/ingles\\\/#website\"},\"primaryImageOfPage\":{\"@id\":\"https:\\\/\\\/guillermoinduni.com\\\/ingles\\\/producto\\\/hot-sale-combo-full\\\/#primaryimage\"},\"image\":{\"@id\":\"https:\\\/\\\/guillermoinduni.com\\\/ingles\\\/producto\\\/hot-sale-combo-full\\\/#primaryimage\"},\"thumbnailUrl\":\"https:\\\/\\\/guillermoinduni.com\\\/ingles\\\/wp-content\\\/uploads\\\/2025\\\/05\\\/WhatsApp-Image-2026-05-06-at-23.22.58.jpeg\",\"datePublished\":\"2025-05-12T17:17:55+00:00\",\"dateModified\":\"2026-05-07T15:08:31+00:00\",\"breadcrumb\":{\"@id\":\"https:\\\/\\\/guillermoinduni.com\\\/ingles\\\/producto\\\/hot-sale-combo-full\\\/#breadcrumb\"},\"inLanguage\":\"es\",\"potentialAction\":[{\"@type\":\"ReadAction\",\"target\":[\"https:\\\/\\\/guillermoinduni.com\\\/ingles\\\/producto\\\/hot-sale-combo-full\\\/\"]}]},{\"@type\":\"ImageObject\",\"inLanguage\":\"es\",\"@id\":\"https:\\\/\\\/guillermoinduni.com\\\/ingles\\\/producto\\\/hot-sale-combo-full\\\/#primaryimage\",\"url\":\"https:\\\/\\\/guillermoinduni.com\\\/ingles\\\/wp-content\\\/uploads\\\/2025\\\/05\\\/WhatsApp-Image-2026-05-06-at-23.22.58.jpeg\",\"contentUrl\":\"https:\\\/\\\/guillermoinduni.com\\\/ingles\\\/wp-content\\\/uploads\\\/2025\\\/05\\\/WhatsApp-Image-2026-05-06-at-23.22.58.jpeg\",\"width\":900,\"height\":1600},{\"@type\":\"BreadcrumbList\",\"@id\":\"https:\\\/\\\/guillermoinduni.com\\\/ingles\\\/producto\\\/hot-sale-combo-full\\\/#breadcrumb\",\"itemListElement\":[{\"@type\":\"ListItem\",\"position\":1,\"name\":\"Portada\",\"item\":\"https:\\\/\\\/guillermoinduni.com\\\/ingles\\\/\"},{\"@type\":\"ListItem\",\"position\":2,\"name\":\"Tienda\",\"item\":\"https:\\\/\\\/guillermoinduni.com\\\/ingles\\\/tienda\\\/\"},{\"@type\":\"ListItem\",\"position\":3,\"name\":\"PROMO 4 X 2\"}]},{\"@type\":\"WebSite\",\"@id\":\"https:\\\/\\\/guillermoinduni.com\\\/ingles\\\/#website\",\"url\":\"https:\\\/\\\/guillermoinduni.com\\\/ingles\\\/\",\"name\":\"Guillermo Induni\",\"description\":\"Guillermo Induni\",\"publisher\":{\"@id\":\"https:\\\/\\\/guillermoinduni.com\\\/ingles\\\/#organization\"},\"potentialAction\":[{\"@type\":\"SearchAction\",\"target\":{\"@type\":\"EntryPoint\",\"urlTemplate\":\"https:\\\/\\\/guillermoinduni.com\\\/ingles\\\/?s={search_term_string}\"},\"query-input\":{\"@type\":\"PropertyValueSpecification\",\"valueRequired\":true,\"valueName\":\"search_term_string\"}}],\"inLanguage\":\"es\"},{\"@type\":\"Organization\",\"@id\":\"https:\\\/\\\/guillermoinduni.com\\\/ingles\\\/#organization\",\"name\":\"Guillermo Induni\",\"url\":\"https:\\\/\\\/guillermoinduni.com\\\/ingles\\\/\",\"logo\":{\"@type\":\"ImageObject\",\"inLanguage\":\"es\",\"@id\":\"https:\\\/\\\/guillermoinduni.com\\\/ingles\\\/#\\\/schema\\\/logo\\\/image\\\/\",\"url\":\"https:\\\/\\\/guillermoinduni.com\\\/ingles\\\/wp-content\\\/uploads\\\/2021\\\/05\\\/logo_curvas.png\",\"contentUrl\":\"https:\\\/\\\/guillermoinduni.com\\\/ingles\\\/wp-content\\\/uploads\\\/2021\\\/05\\\/logo_curvas.png\",\"width\":828,\"height\":220,\"caption\":\"Guillermo Induni\"},\"image\":{\"@id\":\"https:\\\/\\\/guillermoinduni.com\\\/ingles\\\/#\\\/schema\\\/logo\\\/image\\\/\"}}]}<\/script>\n<!-- \/ Yoast SEO plugin. -->","yoast_head_json":{"title":"PROMO 4 X 2 - Guillermo Induni","robots":{"index":"index","follow":"follow","max-snippet":"max-snippet:-1","max-image-preview":"max-image-preview:large","max-video-preview":"max-video-preview:-1"},"canonical":"https:\/\/guillermoinduni.com\/ingles\/producto\/hot-sale-combo-full\/","og_locale":"es_ES","og_type":"article","og_title":"PROMO 4 X 2 - Guillermo Induni","og_description":"Cursos de Actividad F\u00edsica y Discapacidad*_ Estas ante una gran oportunidad de acceder a nuestra Membres\u00eda de *4 meses* _100% asincronico_ para nuestros cursos especializados en *Actividad F\u00edsica y Discapacidad* Este combo te permitir\u00e1 realizar los cuatro cursos completos que forman parte de nuestra formaci\u00f3n, dise\u00f1ada para brindarte herramientas pr\u00e1cticas y te\u00f3ricas para trabajar con [&hellip;]","og_url":"https:\/\/guillermoinduni.com\/ingles\/producto\/hot-sale-combo-full\/","og_site_name":"Guillermo Induni","article_modified_time":"2026-05-07T15:08:31+00:00","og_image":[{"width":900,"height":1600,"url":"http:\/\/guillermoinduni.com\/ingles\/wp-content\/uploads\/2025\/05\/WhatsApp-Image-2026-05-06-at-23.22.58.jpeg","type":"image\/jpeg"}],"twitter_card":"summary_large_image","twitter_misc":{"Tiempo de lectura":"2 minutos"},"schema":{"@context":"https:\/\/schema.org","@graph":[{"@type":"WebPage","@id":"https:\/\/guillermoinduni.com\/ingles\/producto\/hot-sale-combo-full\/","url":"https:\/\/guillermoinduni.com\/ingles\/producto\/hot-sale-combo-full\/","name":"PROMO 4 X 2 - Guillermo Induni","isPartOf":{"@id":"https:\/\/guillermoinduni.com\/ingles\/#website"},"primaryImageOfPage":{"@id":"https:\/\/guillermoinduni.com\/ingles\/producto\/hot-sale-combo-full\/#primaryimage"},"image":{"@id":"https:\/\/guillermoinduni.com\/ingles\/producto\/hot-sale-combo-full\/#primaryimage"},"thumbnailUrl":"https:\/\/guillermoinduni.com\/ingles\/wp-content\/uploads\/2025\/05\/WhatsApp-Image-2026-05-06-at-23.22.58.jpeg","datePublished":"2025-05-12T17:17:55+00:00","dateModified":"2026-05-07T15:08:31+00:00","breadcrumb":{"@id":"https:\/\/guillermoinduni.com\/ingles\/producto\/hot-sale-combo-full\/#breadcrumb"},"inLanguage":"es","potentialAction":[{"@type":"ReadAction","target":["https:\/\/guillermoinduni.com\/ingles\/producto\/hot-sale-combo-full\/"]}]},{"@type":"ImageObject","inLanguage":"es","@id":"https:\/\/guillermoinduni.com\/ingles\/producto\/hot-sale-combo-full\/#primaryimage","url":"https:\/\/guillermoinduni.com\/ingles\/wp-content\/uploads\/2025\/05\/WhatsApp-Image-2026-05-06-at-23.22.58.jpeg","contentUrl":"https:\/\/guillermoinduni.com\/ingles\/wp-content\/uploads\/2025\/05\/WhatsApp-Image-2026-05-06-at-23.22.58.jpeg","width":900,"height":1600},{"@type":"BreadcrumbList","@id":"https:\/\/guillermoinduni.com\/ingles\/producto\/hot-sale-combo-full\/#breadcrumb","itemListElement":[{"@type":"ListItem","position":1,"name":"Portada","item":"https:\/\/guillermoinduni.com\/ingles\/"},{"@type":"ListItem","position":2,"name":"Tienda","item":"https:\/\/guillermoinduni.com\/ingles\/tienda\/"},{"@type":"ListItem","position":3,"name":"PROMO 4 X 2"}]},{"@type":"WebSite","@id":"https:\/\/guillermoinduni.com\/ingles\/#website","url":"https:\/\/guillermoinduni.com\/ingles\/","name":"Guillermo Induni","description":"Guillermo Induni","publisher":{"@id":"https:\/\/guillermoinduni.com\/ingles\/#organization"},"potentialAction":[{"@type":"SearchAction","target":{"@type":"EntryPoint","urlTemplate":"https:\/\/guillermoinduni.com\/ingles\/?s={search_term_string}"},"query-input":{"@type":"PropertyValueSpecification","valueRequired":true,"valueName":"search_term_string"}}],"inLanguage":"es"},{"@type":"Organization","@id":"https:\/\/guillermoinduni.com\/ingles\/#organization","name":"Guillermo Induni","url":"https:\/\/guillermoinduni.com\/ingles\/","logo":{"@type":"ImageObject","inLanguage":"es","@id":"https:\/\/guillermoinduni.com\/ingles\/#\/schema\/logo\/image\/","url":"https:\/\/guillermoinduni.com\/ingles\/wp-content\/uploads\/2021\/05\/logo_curvas.png","contentUrl":"https:\/\/guillermoinduni.com\/ingles\/wp-content\/uploads\/2021\/05\/logo_curvas.png","width":828,"height":220,"caption":"Guillermo Induni"},"image":{"@id":"https:\/\/guillermoinduni.com\/ingles\/#\/schema\/logo\/image\/"}}]}},"_links":{"self":[{"href":"https:\/\/guillermoinduni.com\/ingles\/wp-json\/wp\/v2\/product\/913","targetHints":{"allow":["GET"]}}],"collection":[{"href":"https:\/\/guillermoinduni.com\/ingles\/wp-json\/wp\/v2\/product"}],"about":[{"href":"https:\/\/guillermoinduni.com\/ingles\/wp-json\/wp\/v2\/types\/product"}],"wp:featuredmedia":[{"embeddable":true,"href":"https:\/\/guillermoinduni.com\/ingles\/wp-json\/wp\/v2\/media\/1038"}],"wp:attachment":[{"href":"https:\/\/guillermoinduni.com\/ingles\/wp-json\/wp\/v2\/media?parent=913"}],"wp:term":[{"taxonomy":"product_brand","embeddable":true,"href":"https:\/\/guillermoinduni.com\/ingles\/wp-json\/wp\/v2\/product_brand?post=913"},{"taxonomy":"product_cat","embeddable":true,"href":"https:\/\/guillermoinduni.com\/ingles\/wp-json\/wp\/v2\/product_cat?post=913"},{"taxonomy":"product_tag","embeddable":true,"href":"https:\/\/guillermoinduni.com\/ingles\/wp-json\/wp\/v2\/product_tag?post=913"}],"curies":[{"name":"wp","href":"https:\/\/api.w.org\/{rel}","templated":true}]}}