{"id":891,"date":"2024-12-26T17:06:13","date_gmt":"2024-12-26T17:06:13","guid":{"rendered":"https:\/\/guillermoinduni.com\/ingles\/?post_type=product&#038;p=891"},"modified":"2025-07-03T23:09:23","modified_gmt":"2025-07-03T23:09:23","slug":"autismo-y-actividad-fisica","status":"publish","type":"product","link":"https:\/\/guillermoinduni.com\/ingles\/producto\/autismo-y-actividad-fisica\/","title":{"rendered":"AUTISMO Y ACTIVIDAD FISICA"},"content":{"rendered":"<p><strong>Contar con estos saberes es fundamental para poder diagramar las estrategias necesarias e incluir a un ni\u00f1o, joven y\/o adulto con Autismo en las Actividades.<\/strong><\/p>\n<p><strong>Con este CURSO vas a adquirir esas herramientas para poder, crear y planificar Actividades F\u00edsicas, recreativas y deportivas a personas con Autismo.<\/strong><\/p>\n<p><strong>Mejorar su calidad de vida a traves del movimiento teniendo el conocimiento para poder hacerlo con idoneidad.<\/strong><\/p>\n<p>&nbsp;<\/p>\n<table border=\"0\" width=\"459\">\n<tbody>\n<tr>\n<td><strong>Dirigido a\u00a0<\/strong><\/td>\n<\/tr>\n<tr>\n<td>\n<ul>\n<li><strong>Profesores de Educaci\u00f3n F\u00edsica\u00a0<\/strong><\/li>\n<li><strong><span class=\"text_exposed_show\">Coordinadores Deportivos y Estudiantes de carreras afines.<\/span><\/strong><\/li>\n<li><strong>Entrenadores, Directores Tecnicos<\/strong><\/li>\n<li><strong>Preparadores Fisicos, Instructores<\/strong><\/li>\n<li><strong><span class=\"text_exposed_show\">Aficionados del deporte<\/span><\/strong><\/li>\n<li><strong><span class=\"text_exposed_show\">Acompa\u00f1antes Terap\u00e9uticos, Auxiliares.<\/span><\/strong><\/li>\n<li><strong><span class=\"text_exposed_show\">Familiares de personas con Autismo<\/span><\/strong><\/li>\n<li><strong>Publico con inter\u00e9s<\/strong><\/li>\n<li><strong>TODOS\u00a0<\/strong><\/li>\n<\/ul>\n<\/td>\n<\/tr>\n<\/tbody>\n<\/table>\n<p>&nbsp;<\/p>\n<table border=\"0\">\n<tbody>\n<tr>\n<td><strong>Veras \u2026<\/strong><\/td>\n<\/tr>\n<tr>\n<td>\n<ul>\n<li><strong>Videos<\/strong><\/li>\n<li><strong>Metodolog\u00edas\u00a0<\/strong><\/li>\n<li><strong>Material Bibliografico en PDF<\/strong><\/li>\n<li><strong>Herramientas de\u00a0an\u00e1lisis, diagn\u00f3stico y planificaci\u00f3n<\/strong>.<\/li>\n<\/ul>\n<\/td>\n<\/tr>\n<\/tbody>\n<\/table>\n<table border=\"0\">\n<tbody>\n<tr>\n<td><strong>Caracter\u00edsticas del Curso<\/strong><\/td>\n<\/tr>\n<tr>\n<td>\n<ul>\n<li><strong>100 % Asincr\u00f3nico<\/strong><\/li>\n<li><strong>Mas de 4 horas c\u00e1tedras\u00a0\u00a0<\/strong><\/li>\n<li><strong>Certificado de Finalizaci\u00f3n de Curso tras realizar la Evaluacion Final<\/strong><\/li>\n<li><strong>Consultas directas sobre las tem\u00e1ticas a realizar al Profesor por los diferentes medios de contacto.<\/strong><\/li>\n<\/ul>\n<\/td>\n<\/tr>\n<\/tbody>\n<\/table>\n<p><strong>Docente:\u00a0 Guillermo Marcelo Induni<\/strong><\/p>\n<p><strong>Si quieres conocer los contenidos que veras en este curso hace clic en el bot\u00f3n ingresar a continuaci\u00f3n. !!<\/strong><\/p>\n<p>&nbsp;<\/p>\n<p>&nbsp;<\/p>\n<p><a href=\"http:\/\/guillermoinduni.com\/wp-content\/uploads\/2021\/05\/boton-ingresar.png\"><img decoding=\"async\" class=\"alignnone wp-image-535 size-full\" src=\"http:\/\/guillermoinduni.com\/wp-content\/uploads\/2021\/05\/boton-ingresar.png\" alt=\"\" width=\"200\" height=\"61\" \/><\/a><\/p>\n<p>&nbsp;<\/p>\n<p><strong>Para Adquirir este curso, hace clic en A\u00f1adir al Carrito y segu\u00ed los pasos o bien comun\u00edcate con nosotros a traves de info@guillermoinduni.com o +54 9 11 3604-5475<\/strong><\/p>\n<p><strong>Es momento de que pases al siguiente nivel !<\/strong><\/p>\n<p>&nbsp;<\/p>\n","protected":false},"excerpt":{"rendered":"<p>Contar con estos saberes es fundamental para poder diagramar las estrategias necesarias e incluir a un ni\u00f1o, joven y\/o adulto con Autismo en las Actividades. Con este CURSO vas a adquirir esas herramientas para poder, crear y planificar Actividades F\u00edsicas, recreativas y deportivas a personas con Autismo. Mejorar su calidad de vida a traves del [&hellip;]<\/p>\n","protected":false},"featured_media":927,"template":"","meta":[],"product_brand":[],"product_cat":[15],"product_tag":[],"class_list":{"0":"post-891","1":"product","2":"type-product","3":"status-publish","4":"has-post-thumbnail","6":"product_cat-cursos","8":"first","9":"instock","10":"sale","11":"shipping-taxable","12":"purchasable","13":"product-type-simple"},"yoast_head":"<!-- This site is optimized with the Yoast SEO plugin v27.5 - https:\/\/yoast.com\/product\/yoast-seo-wordpress\/ -->\n<title>AUTISMO Y ACTIVIDAD FISICA - Guillermo Induni<\/title>\n<meta name=\"robots\" content=\"index, follow, max-snippet:-1, max-image-preview:large, max-video-preview:-1\" \/>\n<link rel=\"canonical\" href=\"https:\/\/guillermoinduni.com\/ingles\/producto\/autismo-y-actividad-fisica\/\" \/>\n<meta property=\"og:locale\" content=\"es_ES\" \/>\n<meta property=\"og:type\" content=\"article\" \/>\n<meta property=\"og:title\" content=\"AUTISMO Y ACTIVIDAD FISICA - Guillermo Induni\" \/>\n<meta property=\"og:description\" content=\"Contar con estos saberes es fundamental para poder diagramar las estrategias necesarias e incluir a un ni\u00f1o, joven y\/o adulto con Autismo en las Actividades. Con este CURSO vas a adquirir esas herramientas para poder, crear y planificar Actividades F\u00edsicas, recreativas y deportivas a personas con Autismo. Mejorar su calidad de vida a traves del [&hellip;]\" \/>\n<meta property=\"og:url\" content=\"https:\/\/guillermoinduni.com\/ingles\/producto\/autismo-y-actividad-fisica\/\" \/>\n<meta property=\"og:site_name\" content=\"Guillermo Induni\" \/>\n<meta property=\"article:modified_time\" content=\"2025-07-03T23:09:23+00:00\" \/>\n<meta property=\"og:image\" content=\"http:\/\/guillermoinduni.com\/ingles\/wp-content\/uploads\/2024\/12\/WhatsApp-Image-2025-07-03-at-11.07.08-1.jpeg\" \/>\n\t<meta property=\"og:image:width\" content=\"1080\" \/>\n\t<meta property=\"og:image:height\" content=\"1080\" \/>\n\t<meta property=\"og:image:type\" content=\"image\/jpeg\" \/>\n<meta name=\"twitter:card\" content=\"summary_large_image\" \/>\n<meta name=\"twitter:label1\" content=\"Tiempo de lectura\" \/>\n\t<meta name=\"twitter:data1\" content=\"2 minutos\" \/>\n<script type=\"application\/ld+json\" class=\"yoast-schema-graph\">{\"@context\":\"https:\\\/\\\/schema.org\",\"@graph\":[{\"@type\":\"WebPage\",\"@id\":\"https:\\\/\\\/guillermoinduni.com\\\/ingles\\\/producto\\\/autismo-y-actividad-fisica\\\/\",\"url\":\"https:\\\/\\\/guillermoinduni.com\\\/ingles\\\/producto\\\/autismo-y-actividad-fisica\\\/\",\"name\":\"AUTISMO Y ACTIVIDAD FISICA - Guillermo Induni\",\"isPartOf\":{\"@id\":\"https:\\\/\\\/guillermoinduni.com\\\/ingles\\\/#website\"},\"primaryImageOfPage\":{\"@id\":\"https:\\\/\\\/guillermoinduni.com\\\/ingles\\\/producto\\\/autismo-y-actividad-fisica\\\/#primaryimage\"},\"image\":{\"@id\":\"https:\\\/\\\/guillermoinduni.com\\\/ingles\\\/producto\\\/autismo-y-actividad-fisica\\\/#primaryimage\"},\"thumbnailUrl\":\"https:\\\/\\\/guillermoinduni.com\\\/ingles\\\/wp-content\\\/uploads\\\/2024\\\/12\\\/WhatsApp-Image-2025-07-03-at-11.07.08-1.jpeg\",\"datePublished\":\"2024-12-26T17:06:13+00:00\",\"dateModified\":\"2025-07-03T23:09:23+00:00\",\"breadcrumb\":{\"@id\":\"https:\\\/\\\/guillermoinduni.com\\\/ingles\\\/producto\\\/autismo-y-actividad-fisica\\\/#breadcrumb\"},\"inLanguage\":\"es\",\"potentialAction\":[{\"@type\":\"ReadAction\",\"target\":[\"https:\\\/\\\/guillermoinduni.com\\\/ingles\\\/producto\\\/autismo-y-actividad-fisica\\\/\"]}]},{\"@type\":\"ImageObject\",\"inLanguage\":\"es\",\"@id\":\"https:\\\/\\\/guillermoinduni.com\\\/ingles\\\/producto\\\/autismo-y-actividad-fisica\\\/#primaryimage\",\"url\":\"https:\\\/\\\/guillermoinduni.com\\\/ingles\\\/wp-content\\\/uploads\\\/2024\\\/12\\\/WhatsApp-Image-2025-07-03-at-11.07.08-1.jpeg\",\"contentUrl\":\"https:\\\/\\\/guillermoinduni.com\\\/ingles\\\/wp-content\\\/uploads\\\/2024\\\/12\\\/WhatsApp-Image-2025-07-03-at-11.07.08-1.jpeg\",\"width\":1080,\"height\":1080},{\"@type\":\"BreadcrumbList\",\"@id\":\"https:\\\/\\\/guillermoinduni.com\\\/ingles\\\/producto\\\/autismo-y-actividad-fisica\\\/#breadcrumb\",\"itemListElement\":[{\"@type\":\"ListItem\",\"position\":1,\"name\":\"Portada\",\"item\":\"https:\\\/\\\/guillermoinduni.com\\\/ingles\\\/\"},{\"@type\":\"ListItem\",\"position\":2,\"name\":\"Tienda\",\"item\":\"https:\\\/\\\/guillermoinduni.com\\\/ingles\\\/tienda\\\/\"},{\"@type\":\"ListItem\",\"position\":3,\"name\":\"AUTISMO Y ACTIVIDAD FISICA\"}]},{\"@type\":\"WebSite\",\"@id\":\"https:\\\/\\\/guillermoinduni.com\\\/ingles\\\/#website\",\"url\":\"https:\\\/\\\/guillermoinduni.com\\\/ingles\\\/\",\"name\":\"Guillermo Induni\",\"description\":\"Guillermo Induni\",\"publisher\":{\"@id\":\"https:\\\/\\\/guillermoinduni.com\\\/ingles\\\/#organization\"},\"potentialAction\":[{\"@type\":\"SearchAction\",\"target\":{\"@type\":\"EntryPoint\",\"urlTemplate\":\"https:\\\/\\\/guillermoinduni.com\\\/ingles\\\/?s={search_term_string}\"},\"query-input\":{\"@type\":\"PropertyValueSpecification\",\"valueRequired\":true,\"valueName\":\"search_term_string\"}}],\"inLanguage\":\"es\"},{\"@type\":\"Organization\",\"@id\":\"https:\\\/\\\/guillermoinduni.com\\\/ingles\\\/#organization\",\"name\":\"Guillermo Induni\",\"url\":\"https:\\\/\\\/guillermoinduni.com\\\/ingles\\\/\",\"logo\":{\"@type\":\"ImageObject\",\"inLanguage\":\"es\",\"@id\":\"https:\\\/\\\/guillermoinduni.com\\\/ingles\\\/#\\\/schema\\\/logo\\\/image\\\/\",\"url\":\"https:\\\/\\\/guillermoinduni.com\\\/ingles\\\/wp-content\\\/uploads\\\/2021\\\/05\\\/logo_curvas.png\",\"contentUrl\":\"https:\\\/\\\/guillermoinduni.com\\\/ingles\\\/wp-content\\\/uploads\\\/2021\\\/05\\\/logo_curvas.png\",\"width\":828,\"height\":220,\"caption\":\"Guillermo Induni\"},\"image\":{\"@id\":\"https:\\\/\\\/guillermoinduni.com\\\/ingles\\\/#\\\/schema\\\/logo\\\/image\\\/\"}}]}<\/script>\n<!-- \/ Yoast SEO plugin. -->","yoast_head_json":{"title":"AUTISMO Y ACTIVIDAD FISICA - Guillermo Induni","robots":{"index":"index","follow":"follow","max-snippet":"max-snippet:-1","max-image-preview":"max-image-preview:large","max-video-preview":"max-video-preview:-1"},"canonical":"https:\/\/guillermoinduni.com\/ingles\/producto\/autismo-y-actividad-fisica\/","og_locale":"es_ES","og_type":"article","og_title":"AUTISMO Y ACTIVIDAD FISICA - Guillermo Induni","og_description":"Contar con estos saberes es fundamental para poder diagramar las estrategias necesarias e incluir a un ni\u00f1o, joven y\/o adulto con Autismo en las Actividades. Con este CURSO vas a adquirir esas herramientas para poder, crear y planificar Actividades F\u00edsicas, recreativas y deportivas a personas con Autismo. Mejorar su calidad de vida a traves del [&hellip;]","og_url":"https:\/\/guillermoinduni.com\/ingles\/producto\/autismo-y-actividad-fisica\/","og_site_name":"Guillermo Induni","article_modified_time":"2025-07-03T23:09:23+00:00","og_image":[{"width":1080,"height":1080,"url":"http:\/\/guillermoinduni.com\/ingles\/wp-content\/uploads\/2024\/12\/WhatsApp-Image-2025-07-03-at-11.07.08-1.jpeg","type":"image\/jpeg"}],"twitter_card":"summary_large_image","twitter_misc":{"Tiempo de lectura":"2 minutos"},"schema":{"@context":"https:\/\/schema.org","@graph":[{"@type":"WebPage","@id":"https:\/\/guillermoinduni.com\/ingles\/producto\/autismo-y-actividad-fisica\/","url":"https:\/\/guillermoinduni.com\/ingles\/producto\/autismo-y-actividad-fisica\/","name":"AUTISMO Y ACTIVIDAD FISICA - Guillermo Induni","isPartOf":{"@id":"https:\/\/guillermoinduni.com\/ingles\/#website"},"primaryImageOfPage":{"@id":"https:\/\/guillermoinduni.com\/ingles\/producto\/autismo-y-actividad-fisica\/#primaryimage"},"image":{"@id":"https:\/\/guillermoinduni.com\/ingles\/producto\/autismo-y-actividad-fisica\/#primaryimage"},"thumbnailUrl":"https:\/\/guillermoinduni.com\/ingles\/wp-content\/uploads\/2024\/12\/WhatsApp-Image-2025-07-03-at-11.07.08-1.jpeg","datePublished":"2024-12-26T17:06:13+00:00","dateModified":"2025-07-03T23:09:23+00:00","breadcrumb":{"@id":"https:\/\/guillermoinduni.com\/ingles\/producto\/autismo-y-actividad-fisica\/#breadcrumb"},"inLanguage":"es","potentialAction":[{"@type":"ReadAction","target":["https:\/\/guillermoinduni.com\/ingles\/producto\/autismo-y-actividad-fisica\/"]}]},{"@type":"ImageObject","inLanguage":"es","@id":"https:\/\/guillermoinduni.com\/ingles\/producto\/autismo-y-actividad-fisica\/#primaryimage","url":"https:\/\/guillermoinduni.com\/ingles\/wp-content\/uploads\/2024\/12\/WhatsApp-Image-2025-07-03-at-11.07.08-1.jpeg","contentUrl":"https:\/\/guillermoinduni.com\/ingles\/wp-content\/uploads\/2024\/12\/WhatsApp-Image-2025-07-03-at-11.07.08-1.jpeg","width":1080,"height":1080},{"@type":"BreadcrumbList","@id":"https:\/\/guillermoinduni.com\/ingles\/producto\/autismo-y-actividad-fisica\/#breadcrumb","itemListElement":[{"@type":"ListItem","position":1,"name":"Portada","item":"https:\/\/guillermoinduni.com\/ingles\/"},{"@type":"ListItem","position":2,"name":"Tienda","item":"https:\/\/guillermoinduni.com\/ingles\/tienda\/"},{"@type":"ListItem","position":3,"name":"AUTISMO Y ACTIVIDAD FISICA"}]},{"@type":"WebSite","@id":"https:\/\/guillermoinduni.com\/ingles\/#website","url":"https:\/\/guillermoinduni.com\/ingles\/","name":"Guillermo Induni","description":"Guillermo Induni","publisher":{"@id":"https:\/\/guillermoinduni.com\/ingles\/#organization"},"potentialAction":[{"@type":"SearchAction","target":{"@type":"EntryPoint","urlTemplate":"https:\/\/guillermoinduni.com\/ingles\/?s={search_term_string}"},"query-input":{"@type":"PropertyValueSpecification","valueRequired":true,"valueName":"search_term_string"}}],"inLanguage":"es"},{"@type":"Organization","@id":"https:\/\/guillermoinduni.com\/ingles\/#organization","name":"Guillermo Induni","url":"https:\/\/guillermoinduni.com\/ingles\/","logo":{"@type":"ImageObject","inLanguage":"es","@id":"https:\/\/guillermoinduni.com\/ingles\/#\/schema\/logo\/image\/","url":"https:\/\/guillermoinduni.com\/ingles\/wp-content\/uploads\/2021\/05\/logo_curvas.png","contentUrl":"https:\/\/guillermoinduni.com\/ingles\/wp-content\/uploads\/2021\/05\/logo_curvas.png","width":828,"height":220,"caption":"Guillermo Induni"},"image":{"@id":"https:\/\/guillermoinduni.com\/ingles\/#\/schema\/logo\/image\/"}}]}},"_links":{"self":[{"href":"https:\/\/guillermoinduni.com\/ingles\/wp-json\/wp\/v2\/product\/891","targetHints":{"allow":["GET"]}}],"collection":[{"href":"https:\/\/guillermoinduni.com\/ingles\/wp-json\/wp\/v2\/product"}],"about":[{"href":"https:\/\/guillermoinduni.com\/ingles\/wp-json\/wp\/v2\/types\/product"}],"wp:featuredmedia":[{"embeddable":true,"href":"https:\/\/guillermoinduni.com\/ingles\/wp-json\/wp\/v2\/media\/927"}],"wp:attachment":[{"href":"https:\/\/guillermoinduni.com\/ingles\/wp-json\/wp\/v2\/media?parent=891"}],"wp:term":[{"taxonomy":"product_brand","embeddable":true,"href":"https:\/\/guillermoinduni.com\/ingles\/wp-json\/wp\/v2\/product_brand?post=891"},{"taxonomy":"product_cat","embeddable":true,"href":"https:\/\/guillermoinduni.com\/ingles\/wp-json\/wp\/v2\/product_cat?post=891"},{"taxonomy":"product_tag","embeddable":true,"href":"https:\/\/guillermoinduni.com\/ingles\/wp-json\/wp\/v2\/product_tag?post=891"}],"curies":[{"name":"wp","href":"https:\/\/api.w.org\/{rel}","templated":true}]}}