{"id":861,"date":"2024-03-17T03:21:11","date_gmt":"2024-03-17T03:21:11","guid":{"rendered":"https:\/\/guillermoinduni.com\/ingles\/?post_type=product&#038;p=861"},"modified":"2026-03-07T17:01:22","modified_gmt":"2026-03-07T17:01:22","slug":"actividad-fisica-y-discapacidad","status":"publish","type":"product","link":"https:\/\/guillermoinduni.com\/ingles\/producto\/actividad-fisica-y-discapacidad\/","title":{"rendered":"CURSO DE ACTIVIDAD FISICA Y DISCAPACIDAD"},"content":{"rendered":"<p><span class=\"x19la9d6 x1fc57z9 x6ikm8r x10wlt62 x19co3pv x11tp94h xfibh0p xiy17q3 x1xsqp64 x1lkfr7t xexx8yu xyri2b x18d9i69 x1c1uobl\"><span class=\"xrtxmta x1bhl96m\">&#x1f9d1;&#x1f3fb;&#x200d;&#x1f3eb;<\/span><\/span><span class=\"_aupe copyable-text xkrh14z\"> Hola! Soy Guillermo Induni <\/span><\/p>\n<p><span class=\"x19la9d6 x1fc57z9 x6ikm8r x10wlt62 x19co3pv x11tp94h xfibh0p xiy17q3 x1xsqp64 x1lkfr7t xexx8yu xyri2b x18d9i69 x1c1uobl\"><span class=\"xrtxmta x1bhl96m\">&#x1f6a8;<\/span><\/span><span class=\"_aupe copyable-text xkrh14z\"> Te invito a realizar MI CURSO DE ACTIVIDAD F\u00cdSICA Y DISCAPACIDAD <\/span><\/p>\n<p><span class=\"x19la9d6 x1fc57z9 x6ikm8r x10wlt62 x19co3pv x11tp94h xfibh0p xiy17q3 x1xsqp64 x1lkfr7t xexx8yu xyri2b x18d9i69 x1c1uobl\"><span class=\"xrtxmta x1bhl96m\">&#x1f4aa;<\/span><\/span> <span class=\"x19la9d6 x1fc57z9 x6ikm8r x10wlt62 x19co3pv x11tp94h xfibh0p xiy17q3 x1xsqp64 x1lkfr7t xexx8yu xyri2b x18d9i69 x1c1uobl\"><span class=\"xrtxmta x1bhl96m\">&#x1f393;<\/span><\/span><span class=\"_aupe copyable-text xkrh14z\"> 15 horas c\u00e1tedra intensivas, en 4 clases <\/span><\/p>\n<p><span class=\"x19la9d6 x1fc57z9 x6ikm8r x10wlt62 x19co3pv x11tp94h xfibh0p xiy17q3 x1xsqp64 x1lkfr7t xexx8yu xyri2b x18d9i69 x1c1uobl\"><span class=\"xrtxmta x1bhl96m\">&#x1f4c5;<\/span><\/span><span class=\"_aupe copyable-text xkrh14z\"> Modalidad: <\/span><span class=\"x19la9d6 x1fc57z9 x6ikm8r x10wlt62 x19co3pv x11tp94h xfibh0p xiy17q3 x1xsqp64 x1lkfr7t xexx8yu xyri2b x18d9i69 x1c1uobl\"><span class=\"xrtxmta x1bhl96m\">&#x1f449;<\/span><\/span><span class=\"_aupe copyable-text xkrh14z\"> En vivo por ZOOM <\/span><span class=\"x19la9d6 x1fc57z9 x6ikm8r x10wlt62 x19co3pv x11tp94h xfibh0p xiy17q3 x1xsqp64 x1lkfr7t xexx8yu xyri2b x18d9i69 x1c1uobl\"><span class=\"xrtxmta x1bhl96m\">&#x1f449;<\/span><\/span><span class=\"_aupe copyable-text xkrh14z\"> O asincr\u00f3nico (grabado) <\/span><\/p>\n<p><span class=\"x19la9d6 x1fc57z9 x6ikm8r x10wlt62 x19co3pv x11tp94h xfibh0p xiy17q3 x1xsqp64 x1lkfr7t xexx8yu xyri2b x18d9i69 x1c1uobl\"><span class=\"xrtxmta x1bhl96m\">&#x1f5d3;&#xfe0f;<\/span><\/span><span class=\"_aupe copyable-text xkrh14z\"> Fechas de clases en vivo: <\/span><\/p>\n<p><span class=\"_aupe copyable-text xkrh14z\">S\u00e1bados <\/span><span class=\"x19la9d6 x1fc57z9 x6ikm8r x10wlt62 x19co3pv x11tp94h xfibh0p xiy17q3 x1xsqp64 x1lkfr7t xexx8yu xyri2b x18d9i69 x1c1uobl\"><span class=\"xrtxmta x1bhl96m\">&#x1f449;<\/span><\/span><span class=\"_aupe copyable-text xkrh14z\"> 16 y 23 de Mayo. }<\/span><\/p>\n<p><span class=\"_aupe copyable-text xkrh14z\">Miercoles <\/span><span class=\"x19la9d6 x1fc57z9 x6ikm8r x10wlt62 x19co3pv x11tp94h xfibh0p xiy17q3 x1xsqp64 x1lkfr7t xexx8yu xyri2b x18d9i69 x1c1uobl\"><span class=\"xrtxmta x1bhl96m\">&#x1f449;<\/span><\/span><span class=\"_aupe copyable-text xkrh14z\"> 20 y 27 de Mayo<\/span><\/p>\n<p><span class=\"_aupe copyable-text xkrh14z\">Horario sabados : 14:30 a 18:30 (Hora Argentina) <\/span><\/p>\n<p><span class=\"_aupe copyable-text xkrh14z\">Horario Mi\u00e9rcoles de 19 a 22 hs ( Hora Argentina )<\/span><\/p>\n<p><span class=\"x19la9d6 x1fc57z9 x6ikm8r x10wlt62 x19co3pv x11tp94h xfibh0p xiy17q3 x1xsqp64 x1lkfr7t xexx8yu xyri2b x18d9i69 x1c1uobl\"><span class=\"xrtxmta x1bhl96m\">&#x1f50e;<\/span><\/span><span class=\"_aupe copyable-text xkrh14z\"> \u00bfQu\u00e9 vas a aprender? <\/span><\/p>\n<p><span class=\"_aupe copyable-text xkrh14z\">Vas a adquirir herramientas para estimular motrizmente y mejorar la calidad de vida de ni\u00f1os, j\u00f3venes y adultos con discapacidad o con alguna condici\u00f3n del neurodesarrollo, a trav\u00e9s de tem\u00e1ticas s\u00faper interesantes como: <\/span><\/p>\n<p><span class=\"x19la9d6 x1fc57z9 x6ikm8r x10wlt62 x19co3pv x11tp94h xfibh0p xiy17q3 x1xsqp64 x1lkfr7t xexx8yu xyri2b x18d9i69 x1c1uobl\"><span class=\"xrtxmta x1bhl96m\">&#x1f4cd;<\/span><\/span><span class=\"_aupe copyable-text xkrh14z\"> Autismo <\/span><\/p>\n<p><span class=\"x19la9d6 x1fc57z9 x6ikm8r x10wlt62 x19co3pv x11tp94h xfibh0p xiy17q3 x1xsqp64 x1lkfr7t xexx8yu xyri2b x18d9i69 x1c1uobl\"><span class=\"xrtxmta x1bhl96m\">&#x1f4cd;<\/span><\/span><span class=\"_aupe copyable-text xkrh14z\"> Discapacidad Motora <\/span><\/p>\n<p><span class=\"x19la9d6 x1fc57z9 x6ikm8r x10wlt62 x19co3pv x11tp94h xfibh0p xiy17q3 x1xsqp64 x1lkfr7t xexx8yu xyri2b x18d9i69 x1c1uobl\"><span class=\"xrtxmta x1bhl96m\">&#x1f4cd;<\/span><\/span><span class=\"_aupe copyable-text xkrh14z\"> Discapacidad Visual <\/span><\/p>\n<p><span class=\"x19la9d6 x1fc57z9 x6ikm8r x10wlt62 x19co3pv x11tp94h xfibh0p xiy17q3 x1xsqp64 x1lkfr7t xexx8yu xyri2b x18d9i69 x1c1uobl\"><span class=\"xrtxmta x1bhl96m\">&#x1f4cd;<\/span><\/span><span class=\"_aupe copyable-text xkrh14z\"> S\u00edndrome de Down <\/span><\/p>\n<p><span class=\"x19la9d6 x1fc57z9 x6ikm8r x10wlt62 x19co3pv x11tp94h xfibh0p xiy17q3 x1xsqp64 x1lkfr7t xexx8yu xyri2b x18d9i69 x1c1uobl\"><span class=\"xrtxmta x1bhl96m\">&#x1f4cd;<\/span><\/span><span class=\"_aupe copyable-text xkrh14z\"> Deporte Adaptado <\/span><\/p>\n<p><span class=\"x19la9d6 x1fc57z9 x6ikm8r x10wlt62 x19co3pv x11tp94h xfibh0p xiy17q3 x1xsqp64 x1lkfr7t xexx8yu xyri2b x18d9i69 x1c1uobl\"><span class=\"xrtxmta x1bhl96m\">&#x1f4cd;<\/span><\/span><span class=\"_aupe copyable-text xkrh14z\"> Estimulaci\u00f3n Sensorial <\/span><\/p>\n<p><span class=\"x19la9d6 x1fc57z9 x6ikm8r x10wlt62 x19co3pv x11tp94h xfibh0p xiy17q3 x1xsqp64 x1lkfr7t xexx8yu xyri2b x18d9i69 x1c1uobl\"><span class=\"xrtxmta x1bhl96m\">&#x1f4cd;<\/span><\/span><span class=\"_aupe copyable-text xkrh14z\"> Organizaci\u00f3n de Proyectos Inclusivos <\/span><\/p>\n<p><span class=\"x19la9d6 x1fc57z9 x6ikm8r x10wlt62 x19co3pv x11tp94h xfibh0p xiy17q3 x1xsqp64 x1lkfr7t xexx8yu xyri2b x18d9i69 x1c1uobl\"><span class=\"xrtxmta x1bhl96m\">&#x1f465;<\/span><\/span><span class=\"_aupe copyable-text xkrh14z\"> \u00bfA qui\u00e9n va dirigido? <\/span><\/p>\n<p><span class=\"_aupe copyable-text xkrh14z\">A todos:<\/span><\/p>\n<p><span class=\"_aupe copyable-text xkrh14z\"> Profes de Ed. F\u00edsica, entrenadores, estudiantes, acompa\u00f1antes terap\u00e9uticos, familiares de personas con discapacidad y p\u00fablico general <\/span><\/p>\n<p><span class=\"x19la9d6 x1fc57z9 x6ikm8r x10wlt62 x19co3pv x11tp94h xfibh0p xiy17q3 x1xsqp64 x1lkfr7t xexx8yu xyri2b x18d9i69 x1c1uobl\"><span class=\"xrtxmta x1bhl96m\">&#x1f44f;<\/span><\/span> <span class=\"x19la9d6 x1fc57z9 x6ikm8r x10wlt62 x19co3pv x11tp94h xfibh0p xiy17q3 x1xsqp64 x1lkfr7t xexx8yu xyri2b x18d9i69 x1c1uobl\"><span class=\"xrtxmta x1bhl96m\">&#x1f4da;<\/span><\/span><span class=\"_aupe copyable-text xkrh14z\"> Incluye: <\/span><\/p>\n<p><span class=\"x19la9d6 x1fc57z9 x6ikm8r x10wlt62 x19co3pv x11tp94h xfibh0p xiy17q3 x1xsqp64 x1lkfr7t xexx8yu xyri2b x18d9i69 x1c1uobl\"><span class=\"xrtxmta x1bhl96m\">&#x2705;<\/span><\/span><span class=\"_aupe copyable-text xkrh14z\"> Material en PDF descargable <\/span><\/p>\n<p><span class=\"x19la9d6 x1fc57z9 x6ikm8r x10wlt62 x19co3pv x11tp94h xfibh0p xiy17q3 x1xsqp64 x1lkfr7t xexx8yu xyri2b x18d9i69 x1c1uobl\"><span class=\"xrtxmta x1bhl96m\">&#x2705;<\/span><\/span><span class=\"_aupe copyable-text xkrh14z\"> Clases con videos y herramientas aplicables <\/span><\/p>\n<p><span class=\"x19la9d6 x1fc57z9 x6ikm8r x10wlt62 x19co3pv x11tp94h xfibh0p xiy17q3 x1xsqp64 x1lkfr7t xexx8yu xyri2b x18d9i69 x1c1uobl\"><span class=\"xrtxmta x1bhl96m\">&#x2705;<\/span><\/span><span class=\"_aupe copyable-text xkrh14z\"> Certificado de finalizaci\u00f3n y evaluaci\u00f3n <\/span><\/p>\n<p><span class=\"x19la9d6 x1fc57z9 x6ikm8r x10wlt62 x19co3pv x11tp94h xfibh0p xiy17q3 x1xsqp64 x1lkfr7t xexx8yu xyri2b x18d9i69 x1c1uobl\"><span class=\"xrtxmta x1bhl96m\">&#x2705;<\/span><\/span><span class=\"_aupe copyable-text xkrh14z\"> Acompa\u00f1amiento durante todo el proceso <\/span><\/p>\n<p><span class=\"x19la9d6 x1fc57z9 x6ikm8r x10wlt62 x19co3pv x11tp94h xfibh0p xiy17q3 x1xsqp64 x1lkfr7t xexx8yu xyri2b x18d9i69 x1c1uobl\"><span class=\"xrtxmta x1bhl96m\">&#x1f393;<\/span><\/span><span class=\"_aupe copyable-text xkrh14z\"> Costo del Curso: <\/span><\/p>\n<p><span class=\"x19la9d6 x1fc57z9 x6ikm8r x10wlt62 x19co3pv x11tp94h xfibh0p xiy17q3 x1xsqp64 x1lkfr7t xexx8yu xyri2b x18d9i69 x1c1uobl\"><span class=\"xrtxmta x1bhl96m\">&#x1f4b0;<\/span><\/span><span class=\"_aupe copyable-text xkrh14z\"> USD 110 (o su equivalente en moneda local) <\/span><\/p>\n<p><span class=\"_aupe copyable-text xkrh14z\">Podes pagarlo en 2 cuotas fijas, una en marzo y otra en abril !! de 55 uSS cada una.<\/span><\/p>\n<p><span class=\"x19la9d6 x1fc57z9 x6ikm8r x10wlt62 x19co3pv x11tp94h xfibh0p xiy17q3 x1xsqp64 x1lkfr7t xexx8yu xyri2b x18d9i69 x1c1uobl\"><span class=\"xrtxmta x1bhl96m\">&#x1f4cc;<\/span><\/span><span class=\"_aupe copyable-text xkrh14z\"> Formas de pago disponibles: <\/span><\/p>\n<p><span class=\"x19la9d6 x1fc57z9 x6ikm8r x10wlt62 x19co3pv x11tp94h xfibh0p xiy17q3 x1xsqp64 x1lkfr7t xexx8yu xyri2b x18d9i69 x1c1uobl\"><span class=\"xrtxmta x1bhl96m\">&#x1f539;<\/span><\/span><span class=\"_aupe copyable-text xkrh14z\"> PayPal <\/span><\/p>\n<p><span class=\"x19la9d6 x1fc57z9 x6ikm8r x10wlt62 x19co3pv x11tp94h xfibh0p xiy17q3 x1xsqp64 x1lkfr7t xexx8yu xyri2b x18d9i69 x1c1uobl\"><span class=\"xrtxmta x1bhl96m\">&#x1f539;<\/span><\/span><span class=\"_aupe copyable-text xkrh14z\"> Western Union <\/span><\/p>\n<p><span class=\"x19la9d6 x1fc57z9 x6ikm8r x10wlt62 x19co3pv x11tp94h xfibh0p xiy17q3 x1xsqp64 x1lkfr7t xexx8yu xyri2b x18d9i69 x1c1uobl\"><span class=\"xrtxmta x1bhl96m\">&#x270d;&#x1f3fc;<\/span><\/span><span class=\"_aupe copyable-text xkrh14z\"> \u00bfC\u00f3mo prefer\u00eds inscribirte? <\/span><\/p>\n<p><span class=\"_aupe copyable-text xkrh14z\">\u00a1Contame y te paso los datos! Estoy para ayudarte <\/span><span class=\"x19la9d6 x1fc57z9 x6ikm8r x10wlt62 x19co3pv x11tp94h xfibh0p xiy17q3 x1xsqp64 x1lkfr7t xexx8yu xyri2b x18d9i69 x1c1uobl\"><span class=\"xrtxmta x1bhl96m\">&#x1f60a;<\/span><\/span> <span class=\"x19la9d6 x1fc57z9 x6ikm8r x10wlt62 x19co3pv x11tp94h xfibh0p xiy17q3 x1xsqp64 x1lkfr7t xexx8yu xyri2b x18d9i69 x1c1uobl\"><span class=\"xrtxmta x1bhl96m\">&#x1f393;<\/span><\/span><\/p>\n<p><span class=\"_aupe copyable-text xkrh14z\"> \u00a1INSCRIPCIONES ABIERTAS! <\/span><\/p>\n","protected":false},"excerpt":{"rendered":"<p>&#x1f9d1;&#x1f3fb;&#x200d;&#x1f3eb; Hola! Soy Guillermo Induni &#x1f6a8; Te invito a realizar MI CURSO DE ACTIVIDAD F\u00cdSICA Y DISCAPACIDAD &#x1f4aa; &#x1f393; 15 horas c\u00e1tedra intensivas, en 4 clases &#x1f4c5; Modalidad: &#x1f449; En vivo por ZOOM &#x1f449; O asincr\u00f3nico (grabado) &#x1f5d3;&#xfe0f; Fechas de clases en vivo: S\u00e1bados &#x1f449; 16 y 23 de Mayo. } Miercoles &#x1f449; 20 y [&hellip;]<\/p>\n","protected":false},"featured_media":1026,"template":"","meta":[],"product_brand":[],"product_cat":[15],"product_tag":[],"class_list":{"0":"post-861","1":"product","2":"type-product","3":"status-publish","4":"has-post-thumbnail","6":"product_cat-cursos","8":"first","9":"instock","10":"sale","11":"shipping-taxable","12":"purchasable","13":"product-type-simple"},"yoast_head":"<!-- This site is optimized with the Yoast SEO plugin v27.5 - https:\/\/yoast.com\/product\/yoast-seo-wordpress\/ -->\n<title>CURSO DE ACTIVIDAD FISICA Y DISCAPACIDAD - Guillermo Induni<\/title>\n<meta name=\"description\" content=\"IMPRESIONANTE CURSO DE FORMACION !!! APRENDE LAS HERRAMIENTAS PARA PODER INCLUIR A TODOS A TRAVES DEL MOVIMIENTO\" \/>\n<meta name=\"robots\" content=\"index, follow, max-snippet:-1, max-image-preview:large, max-video-preview:-1\" \/>\n<link rel=\"canonical\" href=\"https:\/\/guillermoinduni.com\/ingles\/producto\/actividad-fisica-y-discapacidad\/\" \/>\n<meta property=\"og:locale\" content=\"es_ES\" \/>\n<meta property=\"og:type\" content=\"article\" \/>\n<meta property=\"og:title\" content=\"CURSO DE ACTIVIDAD FISICA Y DISCAPACIDAD - Guillermo Induni\" \/>\n<meta property=\"og:description\" content=\"IMPRESIONANTE CURSO DE FORMACION !!! APRENDE LAS HERRAMIENTAS PARA PODER INCLUIR A TODOS A TRAVES DEL MOVIMIENTO\" \/>\n<meta property=\"og:url\" content=\"https:\/\/guillermoinduni.com\/ingles\/producto\/actividad-fisica-y-discapacidad\/\" \/>\n<meta property=\"og:site_name\" content=\"Guillermo Induni\" \/>\n<meta property=\"article:modified_time\" content=\"2026-03-07T17:01:22+00:00\" \/>\n<meta property=\"og:image\" content=\"http:\/\/guillermoinduni.com\/ingles\/wp-content\/uploads\/2024\/03\/WhatsApp-Image-2026-03-05-at-16.57.21.jpeg\" \/>\n\t<meta property=\"og:image:width\" content=\"1073\" \/>\n\t<meta property=\"og:image:height\" content=\"1079\" \/>\n\t<meta property=\"og:image:type\" content=\"image\/jpeg\" \/>\n<meta name=\"twitter:card\" content=\"summary_large_image\" \/>\n<meta name=\"twitter:label1\" content=\"Tiempo de lectura\" \/>\n\t<meta name=\"twitter:data1\" content=\"2 minutos\" \/>\n<script type=\"application\/ld+json\" class=\"yoast-schema-graph\">{\"@context\":\"https:\\\/\\\/schema.org\",\"@graph\":[{\"@type\":\"WebPage\",\"@id\":\"https:\\\/\\\/guillermoinduni.com\\\/ingles\\\/producto\\\/actividad-fisica-y-discapacidad\\\/\",\"url\":\"https:\\\/\\\/guillermoinduni.com\\\/ingles\\\/producto\\\/actividad-fisica-y-discapacidad\\\/\",\"name\":\"CURSO DE ACTIVIDAD FISICA Y DISCAPACIDAD - Guillermo Induni\",\"isPartOf\":{\"@id\":\"https:\\\/\\\/guillermoinduni.com\\\/ingles\\\/#website\"},\"primaryImageOfPage\":{\"@id\":\"https:\\\/\\\/guillermoinduni.com\\\/ingles\\\/producto\\\/actividad-fisica-y-discapacidad\\\/#primaryimage\"},\"image\":{\"@id\":\"https:\\\/\\\/guillermoinduni.com\\\/ingles\\\/producto\\\/actividad-fisica-y-discapacidad\\\/#primaryimage\"},\"thumbnailUrl\":\"https:\\\/\\\/guillermoinduni.com\\\/ingles\\\/wp-content\\\/uploads\\\/2024\\\/03\\\/WhatsApp-Image-2026-03-05-at-16.57.21.jpeg\",\"datePublished\":\"2024-03-17T03:21:11+00:00\",\"dateModified\":\"2026-03-07T17:01:22+00:00\",\"description\":\"IMPRESIONANTE CURSO DE FORMACION !!! APRENDE LAS HERRAMIENTAS PARA PODER INCLUIR A TODOS A TRAVES DEL MOVIMIENTO\",\"breadcrumb\":{\"@id\":\"https:\\\/\\\/guillermoinduni.com\\\/ingles\\\/producto\\\/actividad-fisica-y-discapacidad\\\/#breadcrumb\"},\"inLanguage\":\"es\",\"potentialAction\":[{\"@type\":\"ReadAction\",\"target\":[\"https:\\\/\\\/guillermoinduni.com\\\/ingles\\\/producto\\\/actividad-fisica-y-discapacidad\\\/\"]}]},{\"@type\":\"ImageObject\",\"inLanguage\":\"es\",\"@id\":\"https:\\\/\\\/guillermoinduni.com\\\/ingles\\\/producto\\\/actividad-fisica-y-discapacidad\\\/#primaryimage\",\"url\":\"https:\\\/\\\/guillermoinduni.com\\\/ingles\\\/wp-content\\\/uploads\\\/2024\\\/03\\\/WhatsApp-Image-2026-03-05-at-16.57.21.jpeg\",\"contentUrl\":\"https:\\\/\\\/guillermoinduni.com\\\/ingles\\\/wp-content\\\/uploads\\\/2024\\\/03\\\/WhatsApp-Image-2026-03-05-at-16.57.21.jpeg\",\"width\":1073,\"height\":1079},{\"@type\":\"BreadcrumbList\",\"@id\":\"https:\\\/\\\/guillermoinduni.com\\\/ingles\\\/producto\\\/actividad-fisica-y-discapacidad\\\/#breadcrumb\",\"itemListElement\":[{\"@type\":\"ListItem\",\"position\":1,\"name\":\"Portada\",\"item\":\"https:\\\/\\\/guillermoinduni.com\\\/ingles\\\/\"},{\"@type\":\"ListItem\",\"position\":2,\"name\":\"Tienda\",\"item\":\"https:\\\/\\\/guillermoinduni.com\\\/ingles\\\/tienda\\\/\"},{\"@type\":\"ListItem\",\"position\":3,\"name\":\"CURSO DE ACTIVIDAD FISICA Y DISCAPACIDAD\"}]},{\"@type\":\"WebSite\",\"@id\":\"https:\\\/\\\/guillermoinduni.com\\\/ingles\\\/#website\",\"url\":\"https:\\\/\\\/guillermoinduni.com\\\/ingles\\\/\",\"name\":\"Guillermo Induni\",\"description\":\"Guillermo Induni\",\"publisher\":{\"@id\":\"https:\\\/\\\/guillermoinduni.com\\\/ingles\\\/#organization\"},\"potentialAction\":[{\"@type\":\"SearchAction\",\"target\":{\"@type\":\"EntryPoint\",\"urlTemplate\":\"https:\\\/\\\/guillermoinduni.com\\\/ingles\\\/?s={search_term_string}\"},\"query-input\":{\"@type\":\"PropertyValueSpecification\",\"valueRequired\":true,\"valueName\":\"search_term_string\"}}],\"inLanguage\":\"es\"},{\"@type\":\"Organization\",\"@id\":\"https:\\\/\\\/guillermoinduni.com\\\/ingles\\\/#organization\",\"name\":\"Guillermo Induni\",\"url\":\"https:\\\/\\\/guillermoinduni.com\\\/ingles\\\/\",\"logo\":{\"@type\":\"ImageObject\",\"inLanguage\":\"es\",\"@id\":\"https:\\\/\\\/guillermoinduni.com\\\/ingles\\\/#\\\/schema\\\/logo\\\/image\\\/\",\"url\":\"https:\\\/\\\/guillermoinduni.com\\\/ingles\\\/wp-content\\\/uploads\\\/2021\\\/05\\\/logo_curvas.png\",\"contentUrl\":\"https:\\\/\\\/guillermoinduni.com\\\/ingles\\\/wp-content\\\/uploads\\\/2021\\\/05\\\/logo_curvas.png\",\"width\":828,\"height\":220,\"caption\":\"Guillermo Induni\"},\"image\":{\"@id\":\"https:\\\/\\\/guillermoinduni.com\\\/ingles\\\/#\\\/schema\\\/logo\\\/image\\\/\"}}]}<\/script>\n<!-- \/ Yoast SEO plugin. -->","yoast_head_json":{"title":"CURSO DE ACTIVIDAD FISICA Y DISCAPACIDAD - Guillermo Induni","description":"IMPRESIONANTE CURSO DE FORMACION !!! APRENDE LAS HERRAMIENTAS PARA PODER INCLUIR A TODOS A TRAVES DEL MOVIMIENTO","robots":{"index":"index","follow":"follow","max-snippet":"max-snippet:-1","max-image-preview":"max-image-preview:large","max-video-preview":"max-video-preview:-1"},"canonical":"https:\/\/guillermoinduni.com\/ingles\/producto\/actividad-fisica-y-discapacidad\/","og_locale":"es_ES","og_type":"article","og_title":"CURSO DE ACTIVIDAD FISICA Y DISCAPACIDAD - Guillermo Induni","og_description":"IMPRESIONANTE CURSO DE FORMACION !!! APRENDE LAS HERRAMIENTAS PARA PODER INCLUIR A TODOS A TRAVES DEL MOVIMIENTO","og_url":"https:\/\/guillermoinduni.com\/ingles\/producto\/actividad-fisica-y-discapacidad\/","og_site_name":"Guillermo Induni","article_modified_time":"2026-03-07T17:01:22+00:00","og_image":[{"width":1073,"height":1079,"url":"http:\/\/guillermoinduni.com\/ingles\/wp-content\/uploads\/2024\/03\/WhatsApp-Image-2026-03-05-at-16.57.21.jpeg","type":"image\/jpeg"}],"twitter_card":"summary_large_image","twitter_misc":{"Tiempo de lectura":"2 minutos"},"schema":{"@context":"https:\/\/schema.org","@graph":[{"@type":"WebPage","@id":"https:\/\/guillermoinduni.com\/ingles\/producto\/actividad-fisica-y-discapacidad\/","url":"https:\/\/guillermoinduni.com\/ingles\/producto\/actividad-fisica-y-discapacidad\/","name":"CURSO DE ACTIVIDAD FISICA Y DISCAPACIDAD - Guillermo Induni","isPartOf":{"@id":"https:\/\/guillermoinduni.com\/ingles\/#website"},"primaryImageOfPage":{"@id":"https:\/\/guillermoinduni.com\/ingles\/producto\/actividad-fisica-y-discapacidad\/#primaryimage"},"image":{"@id":"https:\/\/guillermoinduni.com\/ingles\/producto\/actividad-fisica-y-discapacidad\/#primaryimage"},"thumbnailUrl":"https:\/\/guillermoinduni.com\/ingles\/wp-content\/uploads\/2024\/03\/WhatsApp-Image-2026-03-05-at-16.57.21.jpeg","datePublished":"2024-03-17T03:21:11+00:00","dateModified":"2026-03-07T17:01:22+00:00","description":"IMPRESIONANTE CURSO DE FORMACION !!! APRENDE LAS HERRAMIENTAS PARA PODER INCLUIR A TODOS A TRAVES DEL MOVIMIENTO","breadcrumb":{"@id":"https:\/\/guillermoinduni.com\/ingles\/producto\/actividad-fisica-y-discapacidad\/#breadcrumb"},"inLanguage":"es","potentialAction":[{"@type":"ReadAction","target":["https:\/\/guillermoinduni.com\/ingles\/producto\/actividad-fisica-y-discapacidad\/"]}]},{"@type":"ImageObject","inLanguage":"es","@id":"https:\/\/guillermoinduni.com\/ingles\/producto\/actividad-fisica-y-discapacidad\/#primaryimage","url":"https:\/\/guillermoinduni.com\/ingles\/wp-content\/uploads\/2024\/03\/WhatsApp-Image-2026-03-05-at-16.57.21.jpeg","contentUrl":"https:\/\/guillermoinduni.com\/ingles\/wp-content\/uploads\/2024\/03\/WhatsApp-Image-2026-03-05-at-16.57.21.jpeg","width":1073,"height":1079},{"@type":"BreadcrumbList","@id":"https:\/\/guillermoinduni.com\/ingles\/producto\/actividad-fisica-y-discapacidad\/#breadcrumb","itemListElement":[{"@type":"ListItem","position":1,"name":"Portada","item":"https:\/\/guillermoinduni.com\/ingles\/"},{"@type":"ListItem","position":2,"name":"Tienda","item":"https:\/\/guillermoinduni.com\/ingles\/tienda\/"},{"@type":"ListItem","position":3,"name":"CURSO DE ACTIVIDAD FISICA Y DISCAPACIDAD"}]},{"@type":"WebSite","@id":"https:\/\/guillermoinduni.com\/ingles\/#website","url":"https:\/\/guillermoinduni.com\/ingles\/","name":"Guillermo Induni","description":"Guillermo Induni","publisher":{"@id":"https:\/\/guillermoinduni.com\/ingles\/#organization"},"potentialAction":[{"@type":"SearchAction","target":{"@type":"EntryPoint","urlTemplate":"https:\/\/guillermoinduni.com\/ingles\/?s={search_term_string}"},"query-input":{"@type":"PropertyValueSpecification","valueRequired":true,"valueName":"search_term_string"}}],"inLanguage":"es"},{"@type":"Organization","@id":"https:\/\/guillermoinduni.com\/ingles\/#organization","name":"Guillermo Induni","url":"https:\/\/guillermoinduni.com\/ingles\/","logo":{"@type":"ImageObject","inLanguage":"es","@id":"https:\/\/guillermoinduni.com\/ingles\/#\/schema\/logo\/image\/","url":"https:\/\/guillermoinduni.com\/ingles\/wp-content\/uploads\/2021\/05\/logo_curvas.png","contentUrl":"https:\/\/guillermoinduni.com\/ingles\/wp-content\/uploads\/2021\/05\/logo_curvas.png","width":828,"height":220,"caption":"Guillermo Induni"},"image":{"@id":"https:\/\/guillermoinduni.com\/ingles\/#\/schema\/logo\/image\/"}}]}},"_links":{"self":[{"href":"https:\/\/guillermoinduni.com\/ingles\/wp-json\/wp\/v2\/product\/861","targetHints":{"allow":["GET"]}}],"collection":[{"href":"https:\/\/guillermoinduni.com\/ingles\/wp-json\/wp\/v2\/product"}],"about":[{"href":"https:\/\/guillermoinduni.com\/ingles\/wp-json\/wp\/v2\/types\/product"}],"wp:featuredmedia":[{"embeddable":true,"href":"https:\/\/guillermoinduni.com\/ingles\/wp-json\/wp\/v2\/media\/1026"}],"wp:attachment":[{"href":"https:\/\/guillermoinduni.com\/ingles\/wp-json\/wp\/v2\/media?parent=861"}],"wp:term":[{"taxonomy":"product_brand","embeddable":true,"href":"https:\/\/guillermoinduni.com\/ingles\/wp-json\/wp\/v2\/product_brand?post=861"},{"taxonomy":"product_cat","embeddable":true,"href":"https:\/\/guillermoinduni.com\/ingles\/wp-json\/wp\/v2\/product_cat?post=861"},{"taxonomy":"product_tag","embeddable":true,"href":"https:\/\/guillermoinduni.com\/ingles\/wp-json\/wp\/v2\/product_tag?post=861"}],"curies":[{"name":"wp","href":"https:\/\/api.w.org\/{rel}","templated":true}]}}