{"id":701,"date":"2022-04-05T01:09:32","date_gmt":"2022-04-05T01:09:32","guid":{"rendered":"https:\/\/guillermoinduni.com\/ingles\/?post_type=product&#038;p=701"},"modified":"2025-07-03T23:10:23","modified_gmt":"2025-07-03T23:10:23","slug":"jornadas-en-actividad-fisica-y-discapacidad-3","status":"publish","type":"product","link":"https:\/\/guillermoinduni.com\/ingles\/producto\/jornadas-en-actividad-fisica-y-discapacidad-3\/","title":{"rendered":"Curso de Actividad F\u00edsica y Discapacidad Visual"},"content":{"rendered":"<p><b>Con este Curso aprender\u00e1s\u00a0herramientas para poder, planificar y crear Actividades F\u00edsicas, recreativas y deportivas a personas con Disminuci\u00f3n visual y ceguera<\/b>.<\/p>\n<ul>\n<li><\/li>\n<li>\n<table border=\"0\" width=\"459\">\n<tbody>\n<tr>\n<td><strong>Dirigido a\u00a0<\/strong><\/td>\n<\/tr>\n<tr>\n<td>\n<ul>\n<li><strong>Profesores de Educaci\u00f3n F\u00edsica\u00a0<\/strong><\/li>\n<li><strong><span class=\"text_exposed_show\">Coordinadores Deportivos y Estudiantes de carreras afines.<\/span><\/strong><\/li>\n<li><strong><span class=\"text_exposed_show\">Aficionados del deporte<\/span><\/strong><\/li>\n<li><strong><span class=\"text_exposed_show\">Acompa\u00f1antes Terap\u00e9uticos, Auxiliares.<\/span><\/strong><\/li>\n<li><strong><span class=\"text_exposed_show\">Familiares de personas con Discapacidad Visual<\/span><\/strong><\/li>\n<li><strong>Publico con inter\u00e9s<\/strong><\/li>\n<\/ul>\n<\/td>\n<\/tr>\n<\/tbody>\n<\/table>\n<p>&nbsp;<\/p>\n<table border=\"0\">\n<tbody>\n<tr>\n<td><strong>Veras \u2026<\/strong><\/td>\n<\/tr>\n<tr>\n<td>\n<ul>\n<li><strong>Videos<\/strong><\/li>\n<li><strong>Metodolog\u00edas\u00a0<\/strong><\/li>\n<li><strong>Herramientas de\u00a0an\u00e1lisis, diagn\u00f3stico y planificaci\u00f3n<\/strong>.<\/li>\n<\/ul>\n<\/td>\n<\/tr>\n<\/tbody>\n<\/table>\n<table border=\"0\">\n<tbody>\n<tr>\n<td><strong>Caracter\u00edsticas del Curso<\/strong><\/td>\n<\/tr>\n<tr>\n<td>\n<ul>\n<li><strong>100 % Asincr\u00f3nico<\/strong><\/li>\n<li><strong>5 horas c\u00e1tedras\u00a0\u00a0<\/strong><\/li>\n<li><strong>Certificado de Finalizaci\u00f3n de Curso tras entrega de Actividades solicitadas en clase.<\/strong><\/li>\n<li><strong>Consultas directas sobre las tem\u00e1ticas al Profesor por los diferentes medios de contacto.<\/strong><\/li>\n<li><strong>Cuadernillo de Actividades Base, para poder iniciar los trabajos con diferentes alumnos y adem\u00e1s puedas crear progresiones.<\/strong><\/li>\n<\/ul>\n<\/td>\n<\/tr>\n<\/tbody>\n<\/table>\n<p><strong>Docente:\u00a0 Guillermo Marcelo Induni<\/strong><\/p>\n<p><strong>Si quieres conocer los contenidos que veras en este curso hace clic en el bot\u00f3n ingresar a continuaci\u00f3n. !!<\/strong><\/li>\n<\/ul>\n<p>&nbsp;<\/p>\n<p>Si quieres conocer los contenidos que veras en este curso hace clic en el bot\u00f3n ingresar a continuaci\u00f3n. !!<\/p>\n<p><a href=\"http:\/\/guillermoinduni.com\/ingles\/wp-content\/uploads\/2022\/04\/Programa-Jornada-de-Formacion-Actividad-Fisica-y-Discapacidad-Visual.pdf\"><img decoding=\"async\" class=\"alignleft wp-image-535 size-full\" src=\"http:\/\/guillermoinduni.com\/ingles\/wp-content\/uploads\/2021\/05\/boton-ingresar.png\" alt=\"\" width=\"200\" height=\"61\" \/><\/a><\/p>\n<p>&nbsp;<\/p>\n<p>&nbsp;<\/p>\n<p>Podes Acceder a Descuentos especiales Depositando por Wester Union de un 30 % o con Sistema Paypal\u00a0 un 20 %<\/p>\n<p>Para Adquirir este curso, hace clic en A\u00f1adir al Carrito y segu\u00ed los pasos o bien comun\u00edcate con nosotros.<\/p>\n<p>Espero te guste la propuesta.<\/p>\n<p>&nbsp;<\/p>\n<p>&nbsp;<\/p>\n","protected":false},"excerpt":{"rendered":"<p>Con este Curso aprender\u00e1s\u00a0herramientas para poder, planificar y crear Actividades F\u00edsicas, recreativas y deportivas a personas con Disminuci\u00f3n visual y ceguera. Dirigido a\u00a0 Profesores de Educaci\u00f3n F\u00edsica\u00a0 Coordinadores Deportivos y Estudiantes de carreras afines. Aficionados del deporte Acompa\u00f1antes Terap\u00e9uticos, Auxiliares. Familiares de personas con Discapacidad Visual Publico con inter\u00e9s &nbsp; Veras \u2026 Videos Metodolog\u00edas\u00a0 Herramientas [&hellip;]<\/p>\n","protected":false},"featured_media":928,"template":"","meta":[],"product_brand":[],"product_cat":[15],"product_tag":[],"class_list":{"0":"post-701","1":"product","2":"type-product","3":"status-publish","4":"has-post-thumbnail","6":"product_cat-cursos","8":"first","9":"instock","10":"sale","11":"shipping-taxable","12":"purchasable","13":"product-type-simple"},"yoast_head":"<!-- This site is optimized with the Yoast SEO plugin v27.5 - https:\/\/yoast.com\/product\/yoast-seo-wordpress\/ -->\n<title>Curso de Actividad F\u00edsica y Discapacidad Visual - Guillermo Induni<\/title>\n<meta name=\"robots\" content=\"index, follow, max-snippet:-1, max-image-preview:large, max-video-preview:-1\" \/>\n<link rel=\"canonical\" href=\"https:\/\/guillermoinduni.com\/ingles\/producto\/jornadas-en-actividad-fisica-y-discapacidad-3\/\" \/>\n<meta property=\"og:locale\" content=\"es_ES\" \/>\n<meta property=\"og:type\" content=\"article\" \/>\n<meta property=\"og:title\" content=\"Curso de Actividad F\u00edsica y Discapacidad Visual - Guillermo Induni\" \/>\n<meta property=\"og:description\" content=\"Con este Curso aprender\u00e1s\u00a0herramientas para poder, planificar y crear Actividades F\u00edsicas, recreativas y deportivas a personas con Disminuci\u00f3n visual y ceguera. Dirigido a\u00a0 Profesores de Educaci\u00f3n F\u00edsica\u00a0 Coordinadores Deportivos y Estudiantes de carreras afines. Aficionados del deporte Acompa\u00f1antes Terap\u00e9uticos, Auxiliares. Familiares de personas con Discapacidad Visual Publico con inter\u00e9s &nbsp; Veras \u2026 Videos Metodolog\u00edas\u00a0 Herramientas [&hellip;]\" \/>\n<meta property=\"og:url\" content=\"https:\/\/guillermoinduni.com\/ingles\/producto\/jornadas-en-actividad-fisica-y-discapacidad-3\/\" \/>\n<meta property=\"og:site_name\" content=\"Guillermo Induni\" \/>\n<meta property=\"article:modified_time\" content=\"2025-07-03T23:10:23+00:00\" \/>\n<meta property=\"og:image\" content=\"http:\/\/guillermoinduni.com\/ingles\/wp-content\/uploads\/2022\/04\/WhatsApp-Image-2025-07-03-at-11.07.08.jpeg\" \/>\n\t<meta property=\"og:image:width\" content=\"1080\" \/>\n\t<meta property=\"og:image:height\" content=\"1080\" \/>\n\t<meta property=\"og:image:type\" content=\"image\/jpeg\" \/>\n<meta name=\"twitter:card\" content=\"summary_large_image\" \/>\n<meta name=\"twitter:label1\" content=\"Tiempo de lectura\" \/>\n\t<meta name=\"twitter:data1\" content=\"2 minutos\" \/>\n<script type=\"application\/ld+json\" class=\"yoast-schema-graph\">{\"@context\":\"https:\\\/\\\/schema.org\",\"@graph\":[{\"@type\":\"WebPage\",\"@id\":\"https:\\\/\\\/guillermoinduni.com\\\/ingles\\\/producto\\\/jornadas-en-actividad-fisica-y-discapacidad-3\\\/\",\"url\":\"https:\\\/\\\/guillermoinduni.com\\\/ingles\\\/producto\\\/jornadas-en-actividad-fisica-y-discapacidad-3\\\/\",\"name\":\"Curso de Actividad F\u00edsica y Discapacidad Visual - Guillermo Induni\",\"isPartOf\":{\"@id\":\"https:\\\/\\\/guillermoinduni.com\\\/ingles\\\/#website\"},\"primaryImageOfPage\":{\"@id\":\"https:\\\/\\\/guillermoinduni.com\\\/ingles\\\/producto\\\/jornadas-en-actividad-fisica-y-discapacidad-3\\\/#primaryimage\"},\"image\":{\"@id\":\"https:\\\/\\\/guillermoinduni.com\\\/ingles\\\/producto\\\/jornadas-en-actividad-fisica-y-discapacidad-3\\\/#primaryimage\"},\"thumbnailUrl\":\"https:\\\/\\\/guillermoinduni.com\\\/ingles\\\/wp-content\\\/uploads\\\/2022\\\/04\\\/WhatsApp-Image-2025-07-03-at-11.07.08.jpeg\",\"datePublished\":\"2022-04-05T01:09:32+00:00\",\"dateModified\":\"2025-07-03T23:10:23+00:00\",\"breadcrumb\":{\"@id\":\"https:\\\/\\\/guillermoinduni.com\\\/ingles\\\/producto\\\/jornadas-en-actividad-fisica-y-discapacidad-3\\\/#breadcrumb\"},\"inLanguage\":\"es\",\"potentialAction\":[{\"@type\":\"ReadAction\",\"target\":[\"https:\\\/\\\/guillermoinduni.com\\\/ingles\\\/producto\\\/jornadas-en-actividad-fisica-y-discapacidad-3\\\/\"]}]},{\"@type\":\"ImageObject\",\"inLanguage\":\"es\",\"@id\":\"https:\\\/\\\/guillermoinduni.com\\\/ingles\\\/producto\\\/jornadas-en-actividad-fisica-y-discapacidad-3\\\/#primaryimage\",\"url\":\"https:\\\/\\\/guillermoinduni.com\\\/ingles\\\/wp-content\\\/uploads\\\/2022\\\/04\\\/WhatsApp-Image-2025-07-03-at-11.07.08.jpeg\",\"contentUrl\":\"https:\\\/\\\/guillermoinduni.com\\\/ingles\\\/wp-content\\\/uploads\\\/2022\\\/04\\\/WhatsApp-Image-2025-07-03-at-11.07.08.jpeg\",\"width\":1080,\"height\":1080},{\"@type\":\"BreadcrumbList\",\"@id\":\"https:\\\/\\\/guillermoinduni.com\\\/ingles\\\/producto\\\/jornadas-en-actividad-fisica-y-discapacidad-3\\\/#breadcrumb\",\"itemListElement\":[{\"@type\":\"ListItem\",\"position\":1,\"name\":\"Portada\",\"item\":\"https:\\\/\\\/guillermoinduni.com\\\/ingles\\\/\"},{\"@type\":\"ListItem\",\"position\":2,\"name\":\"Tienda\",\"item\":\"https:\\\/\\\/guillermoinduni.com\\\/ingles\\\/tienda\\\/\"},{\"@type\":\"ListItem\",\"position\":3,\"name\":\"Curso de Actividad F\u00edsica y Discapacidad Visual\"}]},{\"@type\":\"WebSite\",\"@id\":\"https:\\\/\\\/guillermoinduni.com\\\/ingles\\\/#website\",\"url\":\"https:\\\/\\\/guillermoinduni.com\\\/ingles\\\/\",\"name\":\"Guillermo Induni\",\"description\":\"Guillermo Induni\",\"publisher\":{\"@id\":\"https:\\\/\\\/guillermoinduni.com\\\/ingles\\\/#organization\"},\"potentialAction\":[{\"@type\":\"SearchAction\",\"target\":{\"@type\":\"EntryPoint\",\"urlTemplate\":\"https:\\\/\\\/guillermoinduni.com\\\/ingles\\\/?s={search_term_string}\"},\"query-input\":{\"@type\":\"PropertyValueSpecification\",\"valueRequired\":true,\"valueName\":\"search_term_string\"}}],\"inLanguage\":\"es\"},{\"@type\":\"Organization\",\"@id\":\"https:\\\/\\\/guillermoinduni.com\\\/ingles\\\/#organization\",\"name\":\"Guillermo Induni\",\"url\":\"https:\\\/\\\/guillermoinduni.com\\\/ingles\\\/\",\"logo\":{\"@type\":\"ImageObject\",\"inLanguage\":\"es\",\"@id\":\"https:\\\/\\\/guillermoinduni.com\\\/ingles\\\/#\\\/schema\\\/logo\\\/image\\\/\",\"url\":\"https:\\\/\\\/guillermoinduni.com\\\/ingles\\\/wp-content\\\/uploads\\\/2021\\\/05\\\/logo_curvas.png\",\"contentUrl\":\"https:\\\/\\\/guillermoinduni.com\\\/ingles\\\/wp-content\\\/uploads\\\/2021\\\/05\\\/logo_curvas.png\",\"width\":828,\"height\":220,\"caption\":\"Guillermo Induni\"},\"image\":{\"@id\":\"https:\\\/\\\/guillermoinduni.com\\\/ingles\\\/#\\\/schema\\\/logo\\\/image\\\/\"}}]}<\/script>\n<!-- \/ Yoast SEO plugin. -->","yoast_head_json":{"title":"Curso de Actividad F\u00edsica y Discapacidad Visual - Guillermo Induni","robots":{"index":"index","follow":"follow","max-snippet":"max-snippet:-1","max-image-preview":"max-image-preview:large","max-video-preview":"max-video-preview:-1"},"canonical":"https:\/\/guillermoinduni.com\/ingles\/producto\/jornadas-en-actividad-fisica-y-discapacidad-3\/","og_locale":"es_ES","og_type":"article","og_title":"Curso de Actividad F\u00edsica y Discapacidad Visual - Guillermo Induni","og_description":"Con este Curso aprender\u00e1s\u00a0herramientas para poder, planificar y crear Actividades F\u00edsicas, recreativas y deportivas a personas con Disminuci\u00f3n visual y ceguera. Dirigido a\u00a0 Profesores de Educaci\u00f3n F\u00edsica\u00a0 Coordinadores Deportivos y Estudiantes de carreras afines. Aficionados del deporte Acompa\u00f1antes Terap\u00e9uticos, Auxiliares. Familiares de personas con Discapacidad Visual Publico con inter\u00e9s &nbsp; Veras \u2026 Videos Metodolog\u00edas\u00a0 Herramientas [&hellip;]","og_url":"https:\/\/guillermoinduni.com\/ingles\/producto\/jornadas-en-actividad-fisica-y-discapacidad-3\/","og_site_name":"Guillermo Induni","article_modified_time":"2025-07-03T23:10:23+00:00","og_image":[{"width":1080,"height":1080,"url":"http:\/\/guillermoinduni.com\/ingles\/wp-content\/uploads\/2022\/04\/WhatsApp-Image-2025-07-03-at-11.07.08.jpeg","type":"image\/jpeg"}],"twitter_card":"summary_large_image","twitter_misc":{"Tiempo de lectura":"2 minutos"},"schema":{"@context":"https:\/\/schema.org","@graph":[{"@type":"WebPage","@id":"https:\/\/guillermoinduni.com\/ingles\/producto\/jornadas-en-actividad-fisica-y-discapacidad-3\/","url":"https:\/\/guillermoinduni.com\/ingles\/producto\/jornadas-en-actividad-fisica-y-discapacidad-3\/","name":"Curso de Actividad F\u00edsica y Discapacidad Visual - Guillermo Induni","isPartOf":{"@id":"https:\/\/guillermoinduni.com\/ingles\/#website"},"primaryImageOfPage":{"@id":"https:\/\/guillermoinduni.com\/ingles\/producto\/jornadas-en-actividad-fisica-y-discapacidad-3\/#primaryimage"},"image":{"@id":"https:\/\/guillermoinduni.com\/ingles\/producto\/jornadas-en-actividad-fisica-y-discapacidad-3\/#primaryimage"},"thumbnailUrl":"https:\/\/guillermoinduni.com\/ingles\/wp-content\/uploads\/2022\/04\/WhatsApp-Image-2025-07-03-at-11.07.08.jpeg","datePublished":"2022-04-05T01:09:32+00:00","dateModified":"2025-07-03T23:10:23+00:00","breadcrumb":{"@id":"https:\/\/guillermoinduni.com\/ingles\/producto\/jornadas-en-actividad-fisica-y-discapacidad-3\/#breadcrumb"},"inLanguage":"es","potentialAction":[{"@type":"ReadAction","target":["https:\/\/guillermoinduni.com\/ingles\/producto\/jornadas-en-actividad-fisica-y-discapacidad-3\/"]}]},{"@type":"ImageObject","inLanguage":"es","@id":"https:\/\/guillermoinduni.com\/ingles\/producto\/jornadas-en-actividad-fisica-y-discapacidad-3\/#primaryimage","url":"https:\/\/guillermoinduni.com\/ingles\/wp-content\/uploads\/2022\/04\/WhatsApp-Image-2025-07-03-at-11.07.08.jpeg","contentUrl":"https:\/\/guillermoinduni.com\/ingles\/wp-content\/uploads\/2022\/04\/WhatsApp-Image-2025-07-03-at-11.07.08.jpeg","width":1080,"height":1080},{"@type":"BreadcrumbList","@id":"https:\/\/guillermoinduni.com\/ingles\/producto\/jornadas-en-actividad-fisica-y-discapacidad-3\/#breadcrumb","itemListElement":[{"@type":"ListItem","position":1,"name":"Portada","item":"https:\/\/guillermoinduni.com\/ingles\/"},{"@type":"ListItem","position":2,"name":"Tienda","item":"https:\/\/guillermoinduni.com\/ingles\/tienda\/"},{"@type":"ListItem","position":3,"name":"Curso de Actividad F\u00edsica y Discapacidad Visual"}]},{"@type":"WebSite","@id":"https:\/\/guillermoinduni.com\/ingles\/#website","url":"https:\/\/guillermoinduni.com\/ingles\/","name":"Guillermo Induni","description":"Guillermo Induni","publisher":{"@id":"https:\/\/guillermoinduni.com\/ingles\/#organization"},"potentialAction":[{"@type":"SearchAction","target":{"@type":"EntryPoint","urlTemplate":"https:\/\/guillermoinduni.com\/ingles\/?s={search_term_string}"},"query-input":{"@type":"PropertyValueSpecification","valueRequired":true,"valueName":"search_term_string"}}],"inLanguage":"es"},{"@type":"Organization","@id":"https:\/\/guillermoinduni.com\/ingles\/#organization","name":"Guillermo Induni","url":"https:\/\/guillermoinduni.com\/ingles\/","logo":{"@type":"ImageObject","inLanguage":"es","@id":"https:\/\/guillermoinduni.com\/ingles\/#\/schema\/logo\/image\/","url":"https:\/\/guillermoinduni.com\/ingles\/wp-content\/uploads\/2021\/05\/logo_curvas.png","contentUrl":"https:\/\/guillermoinduni.com\/ingles\/wp-content\/uploads\/2021\/05\/logo_curvas.png","width":828,"height":220,"caption":"Guillermo Induni"},"image":{"@id":"https:\/\/guillermoinduni.com\/ingles\/#\/schema\/logo\/image\/"}}]}},"_links":{"self":[{"href":"https:\/\/guillermoinduni.com\/ingles\/wp-json\/wp\/v2\/product\/701","targetHints":{"allow":["GET"]}}],"collection":[{"href":"https:\/\/guillermoinduni.com\/ingles\/wp-json\/wp\/v2\/product"}],"about":[{"href":"https:\/\/guillermoinduni.com\/ingles\/wp-json\/wp\/v2\/types\/product"}],"wp:featuredmedia":[{"embeddable":true,"href":"https:\/\/guillermoinduni.com\/ingles\/wp-json\/wp\/v2\/media\/928"}],"wp:attachment":[{"href":"https:\/\/guillermoinduni.com\/ingles\/wp-json\/wp\/v2\/media?parent=701"}],"wp:term":[{"taxonomy":"product_brand","embeddable":true,"href":"https:\/\/guillermoinduni.com\/ingles\/wp-json\/wp\/v2\/product_brand?post=701"},{"taxonomy":"product_cat","embeddable":true,"href":"https:\/\/guillermoinduni.com\/ingles\/wp-json\/wp\/v2\/product_cat?post=701"},{"taxonomy":"product_tag","embeddable":true,"href":"https:\/\/guillermoinduni.com\/ingles\/wp-json\/wp\/v2\/product_tag?post=701"}],"curies":[{"name":"wp","href":"https:\/\/api.w.org\/{rel}","templated":true}]}}