{"id":973,"date":"2025-08-01T23:10:24","date_gmt":"2025-08-01T23:10:24","guid":{"rendered":"https:\/\/guillermoinduni.com\/ingles\/?page_id=973"},"modified":"2025-08-01T23:13:53","modified_gmt":"2025-08-01T23:13:53","slug":"entrenamiento-personalizado-sede-leloir","status":"publish","type":"page","link":"https:\/\/guillermoinduni.com\/ingles\/entrenamiento-personalizado-sede-leloir\/","title":{"rendered":"Entrenamiento Personalizado Sede Leloir"},"content":{"rendered":"\t\t<div data-elementor-type=\"wp-page\" data-elementor-id=\"973\" class=\"elementor elementor-973\" data-elementor-post-type=\"page\">\n\t\t\t\t\t\t<section class=\"elementor-section elementor-top-section elementor-element elementor-element-8bbab05 elementor-section-boxed elementor-section-height-default elementor-section-height-default\" data-id=\"8bbab05\" data-element_type=\"section\" data-e-type=\"section\" data-settings=\"{&quot;background_background&quot;:&quot;classic&quot;}\">\n\t\t\t\t\t\t\t<div class=\"elementor-background-overlay\"><\/div>\n\t\t\t\t\t\t\t<div class=\"elementor-container elementor-column-gap-default\">\n\t\t\t\t\t<div class=\"elementor-column elementor-col-100 elementor-top-column elementor-element elementor-element-7559f21\" data-id=\"7559f21\" data-element_type=\"column\" data-e-type=\"column\">\n\t\t\t<div class=\"elementor-widget-wrap elementor-element-populated\">\n\t\t\t\t\t\t<div class=\"elementor-element elementor-element-20191fb elementor-widget elementor-widget-spacer\" data-id=\"20191fb\" data-element_type=\"widget\" data-e-type=\"widget\" data-widget_type=\"spacer.default\">\n\t\t\t\t<div class=\"elementor-widget-container\">\n\t\t\t\t\t\t\t<div class=\"elementor-spacer\">\n\t\t\t<div class=\"elementor-spacer-inner\"><\/div>\n\t\t<\/div>\n\t\t\t\t\t\t<\/div>\n\t\t\t\t<\/div>\n\t\t\t\t<div class=\"elementor-element elementor-element-e70e336 elementor-widget elementor-widget-heading\" data-id=\"e70e336\" data-element_type=\"widget\" data-e-type=\"widget\" data-widget_type=\"heading.default\">\n\t\t\t\t<div class=\"elementor-widget-container\">\n\t\t\t\t\t<h2 class=\"elementor-heading-title elementor-size-default\">Entrenamiento personalizado sede leloir<\/h2>\t\t\t\t<\/div>\n\t\t\t\t<\/div>\n\t\t\t\t<div class=\"elementor-element elementor-element-5e25853 elementor-widget elementor-widget-spacer\" data-id=\"5e25853\" data-element_type=\"widget\" data-e-type=\"widget\" data-widget_type=\"spacer.default\">\n\t\t\t\t<div class=\"elementor-widget-container\">\n\t\t\t\t\t\t\t<div class=\"elementor-spacer\">\n\t\t\t<div class=\"elementor-spacer-inner\"><\/div>\n\t\t<\/div>\n\t\t\t\t\t\t<\/div>\n\t\t\t\t<\/div>\n\t\t\t\t\t<\/div>\n\t\t<\/div>\n\t\t\t\t\t<\/div>\n\t\t<\/section>\n\t\t\t\t<section class=\"elementor-section elementor-top-section elementor-element elementor-element-2831541 elementor-section-boxed elementor-section-height-default elementor-section-height-default\" data-id=\"2831541\" data-element_type=\"section\" data-e-type=\"section\">\n\t\t\t\t\t\t<div class=\"elementor-container elementor-column-gap-default\">\n\t\t\t\t\t<div class=\"elementor-column elementor-col-100 elementor-top-column elementor-element elementor-element-e41b202\" data-id=\"e41b202\" data-element_type=\"column\" data-e-type=\"column\">\n\t\t\t<div class=\"elementor-widget-wrap elementor-element-populated\">\n\t\t\t\t\t\t\t<\/div>\n\t\t<\/div>\n\t\t\t\t\t<\/div>\n\t\t<\/section>\n\t\t\t\t<\/div>\n\t\t","protected":false},"excerpt":{"rendered":"<p>Entrenamiento personalizado sede leloir<\/p>\n","protected":false},"author":2,"featured_media":0,"parent":0,"menu_order":0,"comment_status":"closed","ping_status":"closed","template":"elementor_header_footer","meta":{"footnotes":""},"class_list":["post-973","page","type-page","status-publish","hentry"],"yoast_head":"<!-- This site is optimized with the Yoast SEO plugin v27.5 - https:\/\/yoast.com\/product\/yoast-seo-wordpress\/ -->\n<title>Profesor de educacion f\u00edsica para chicos discapacitados<\/title>\n<meta name=\"description\" content=\"Profesor de educacion f\u00edsica para chicos discapacitados, educacion fisica discapacidad, profesor de ni\u00f1os discapacitados, cursos de actividad fisica\" \/>\n<meta name=\"robots\" content=\"index, follow, max-snippet:-1, max-image-preview:large, max-video-preview:-1\" \/>\n<link rel=\"canonical\" href=\"https:\/\/guillermoinduni.com\/ingles\/entrenamiento-personalizado-sede-leloir\/\" \/>\n<meta property=\"og:locale\" content=\"es_ES\" \/>\n<meta property=\"og:type\" content=\"article\" \/>\n<meta property=\"og:title\" content=\"Profesor de educacion f\u00edsica para chicos discapacitados\" \/>\n<meta property=\"og:description\" content=\"Profesor de educacion f\u00edsica para chicos discapacitados, educacion fisica discapacidad, profesor de ni\u00f1os discapacitados, cursos de actividad fisica\" \/>\n<meta property=\"og:url\" content=\"https:\/\/guillermoinduni.com\/ingles\/entrenamiento-personalizado-sede-leloir\/\" \/>\n<meta property=\"og:site_name\" content=\"Guillermo Induni\" \/>\n<meta property=\"article:modified_time\" content=\"2025-08-01T23:13:53+00:00\" \/>\n<meta name=\"twitter:card\" content=\"summary_large_image\" \/>\n<meta name=\"twitter:label1\" content=\"Tiempo de lectura\" \/>\n\t<meta name=\"twitter:data1\" content=\"1 minuto\" \/>\n<script type=\"application\/ld+json\" class=\"yoast-schema-graph\">{\"@context\":\"https:\\\/\\\/schema.org\",\"@graph\":[{\"@type\":\"WebPage\",\"@id\":\"https:\\\/\\\/guillermoinduni.com\\\/ingles\\\/entrenamiento-personalizado-sede-leloir\\\/\",\"url\":\"https:\\\/\\\/guillermoinduni.com\\\/ingles\\\/entrenamiento-personalizado-sede-leloir\\\/\",\"name\":\"Profesor de educacion f\u00edsica para chicos discapacitados\",\"isPartOf\":{\"@id\":\"https:\\\/\\\/guillermoinduni.com\\\/ingles\\\/#website\"},\"datePublished\":\"2025-08-01T23:10:24+00:00\",\"dateModified\":\"2025-08-01T23:13:53+00:00\",\"description\":\"Profesor de educacion f\u00edsica para chicos discapacitados, educacion fisica discapacidad, profesor de ni\u00f1os discapacitados, cursos de actividad fisica\",\"breadcrumb\":{\"@id\":\"https:\\\/\\\/guillermoinduni.com\\\/ingles\\\/entrenamiento-personalizado-sede-leloir\\\/#breadcrumb\"},\"inLanguage\":\"es\",\"potentialAction\":[{\"@type\":\"ReadAction\",\"target\":[\"https:\\\/\\\/guillermoinduni.com\\\/ingles\\\/entrenamiento-personalizado-sede-leloir\\\/\"]}]},{\"@type\":\"BreadcrumbList\",\"@id\":\"https:\\\/\\\/guillermoinduni.com\\\/ingles\\\/entrenamiento-personalizado-sede-leloir\\\/#breadcrumb\",\"itemListElement\":[{\"@type\":\"ListItem\",\"position\":1,\"name\":\"Portada\",\"item\":\"https:\\\/\\\/guillermoinduni.com\\\/ingles\\\/\"},{\"@type\":\"ListItem\",\"position\":2,\"name\":\"Entrenamiento Personalizado Sede Leloir\"}]},{\"@type\":\"WebSite\",\"@id\":\"https:\\\/\\\/guillermoinduni.com\\\/ingles\\\/#website\",\"url\":\"https:\\\/\\\/guillermoinduni.com\\\/ingles\\\/\",\"name\":\"Guillermo Induni\",\"description\":\"Guillermo Induni\",\"publisher\":{\"@id\":\"https:\\\/\\\/guillermoinduni.com\\\/ingles\\\/#organization\"},\"potentialAction\":[{\"@type\":\"SearchAction\",\"target\":{\"@type\":\"EntryPoint\",\"urlTemplate\":\"https:\\\/\\\/guillermoinduni.com\\\/ingles\\\/?s={search_term_string}\"},\"query-input\":{\"@type\":\"PropertyValueSpecification\",\"valueRequired\":true,\"valueName\":\"search_term_string\"}}],\"inLanguage\":\"es\"},{\"@type\":\"Organization\",\"@id\":\"https:\\\/\\\/guillermoinduni.com\\\/ingles\\\/#organization\",\"name\":\"Guillermo Induni\",\"url\":\"https:\\\/\\\/guillermoinduni.com\\\/ingles\\\/\",\"logo\":{\"@type\":\"ImageObject\",\"inLanguage\":\"es\",\"@id\":\"https:\\\/\\\/guillermoinduni.com\\\/ingles\\\/#\\\/schema\\\/logo\\\/image\\\/\",\"url\":\"https:\\\/\\\/guillermoinduni.com\\\/ingles\\\/wp-content\\\/uploads\\\/2021\\\/05\\\/logo_curvas.png\",\"contentUrl\":\"https:\\\/\\\/guillermoinduni.com\\\/ingles\\\/wp-content\\\/uploads\\\/2021\\\/05\\\/logo_curvas.png\",\"width\":828,\"height\":220,\"caption\":\"Guillermo Induni\"},\"image\":{\"@id\":\"https:\\\/\\\/guillermoinduni.com\\\/ingles\\\/#\\\/schema\\\/logo\\\/image\\\/\"}}]}<\/script>\n<!-- \/ Yoast SEO plugin. -->","yoast_head_json":{"title":"Profesor de educacion f\u00edsica para chicos discapacitados","description":"Profesor de educacion f\u00edsica para chicos discapacitados, educacion fisica discapacidad, profesor de ni\u00f1os discapacitados, cursos de actividad fisica","robots":{"index":"index","follow":"follow","max-snippet":"max-snippet:-1","max-image-preview":"max-image-preview:large","max-video-preview":"max-video-preview:-1"},"canonical":"https:\/\/guillermoinduni.com\/ingles\/entrenamiento-personalizado-sede-leloir\/","og_locale":"es_ES","og_type":"article","og_title":"Profesor de educacion f\u00edsica para chicos discapacitados","og_description":"Profesor de educacion f\u00edsica para chicos discapacitados, educacion fisica discapacidad, profesor de ni\u00f1os discapacitados, cursos de actividad fisica","og_url":"https:\/\/guillermoinduni.com\/ingles\/entrenamiento-personalizado-sede-leloir\/","og_site_name":"Guillermo Induni","article_modified_time":"2025-08-01T23:13:53+00:00","twitter_card":"summary_large_image","twitter_misc":{"Tiempo de lectura":"1 minuto"},"schema":{"@context":"https:\/\/schema.org","@graph":[{"@type":"WebPage","@id":"https:\/\/guillermoinduni.com\/ingles\/entrenamiento-personalizado-sede-leloir\/","url":"https:\/\/guillermoinduni.com\/ingles\/entrenamiento-personalizado-sede-leloir\/","name":"Profesor de educacion f\u00edsica para chicos discapacitados","isPartOf":{"@id":"https:\/\/guillermoinduni.com\/ingles\/#website"},"datePublished":"2025-08-01T23:10:24+00:00","dateModified":"2025-08-01T23:13:53+00:00","description":"Profesor de educacion f\u00edsica para chicos discapacitados, educacion fisica discapacidad, profesor de ni\u00f1os discapacitados, cursos de actividad fisica","breadcrumb":{"@id":"https:\/\/guillermoinduni.com\/ingles\/entrenamiento-personalizado-sede-leloir\/#breadcrumb"},"inLanguage":"es","potentialAction":[{"@type":"ReadAction","target":["https:\/\/guillermoinduni.com\/ingles\/entrenamiento-personalizado-sede-leloir\/"]}]},{"@type":"BreadcrumbList","@id":"https:\/\/guillermoinduni.com\/ingles\/entrenamiento-personalizado-sede-leloir\/#breadcrumb","itemListElement":[{"@type":"ListItem","position":1,"name":"Portada","item":"https:\/\/guillermoinduni.com\/ingles\/"},{"@type":"ListItem","position":2,"name":"Entrenamiento Personalizado Sede Leloir"}]},{"@type":"WebSite","@id":"https:\/\/guillermoinduni.com\/ingles\/#website","url":"https:\/\/guillermoinduni.com\/ingles\/","name":"Guillermo Induni","description":"Guillermo Induni","publisher":{"@id":"https:\/\/guillermoinduni.com\/ingles\/#organization"},"potentialAction":[{"@type":"SearchAction","target":{"@type":"EntryPoint","urlTemplate":"https:\/\/guillermoinduni.com\/ingles\/?s={search_term_string}"},"query-input":{"@type":"PropertyValueSpecification","valueRequired":true,"valueName":"search_term_string"}}],"inLanguage":"es"},{"@type":"Organization","@id":"https:\/\/guillermoinduni.com\/ingles\/#organization","name":"Guillermo Induni","url":"https:\/\/guillermoinduni.com\/ingles\/","logo":{"@type":"ImageObject","inLanguage":"es","@id":"https:\/\/guillermoinduni.com\/ingles\/#\/schema\/logo\/image\/","url":"https:\/\/guillermoinduni.com\/ingles\/wp-content\/uploads\/2021\/05\/logo_curvas.png","contentUrl":"https:\/\/guillermoinduni.com\/ingles\/wp-content\/uploads\/2021\/05\/logo_curvas.png","width":828,"height":220,"caption":"Guillermo Induni"},"image":{"@id":"https:\/\/guillermoinduni.com\/ingles\/#\/schema\/logo\/image\/"}}]}},"_links":{"self":[{"href":"https:\/\/guillermoinduni.com\/ingles\/wp-json\/wp\/v2\/pages\/973","targetHints":{"allow":["GET"]}}],"collection":[{"href":"https:\/\/guillermoinduni.com\/ingles\/wp-json\/wp\/v2\/pages"}],"about":[{"href":"https:\/\/guillermoinduni.com\/ingles\/wp-json\/wp\/v2\/types\/page"}],"author":[{"embeddable":true,"href":"https:\/\/guillermoinduni.com\/ingles\/wp-json\/wp\/v2\/users\/2"}],"replies":[{"embeddable":true,"href":"https:\/\/guillermoinduni.com\/ingles\/wp-json\/wp\/v2\/comments?post=973"}],"version-history":[{"count":7,"href":"https:\/\/guillermoinduni.com\/ingles\/wp-json\/wp\/v2\/pages\/973\/revisions"}],"predecessor-version":[{"id":991,"href":"https:\/\/guillermoinduni.com\/ingles\/wp-json\/wp\/v2\/pages\/973\/revisions\/991"}],"wp:attachment":[{"href":"https:\/\/guillermoinduni.com\/ingles\/wp-json\/wp\/v2\/media?parent=973"}],"curies":[{"name":"wp","href":"https:\/\/api.w.org\/{rel}","templated":true}]}}